{"id":1846,"date":"2024-02-15T15:56:39","date_gmt":"2024-02-15T15:56:39","guid":{"rendered":"https:\/\/tinnitus-liga.ch\/page-daccueil\/"},"modified":"2026-04-10T20:09:25","modified_gmt":"2026-04-10T20:09:25","slug":"page-daccueil","status":"publish","type":"page","link":"https:\/\/tinnitus-liga.ch\/fr\/","title":{"rendered":"Page d&rsquo;accueil"},"content":{"rendered":"\t\t<div data-elementor-type=\"wp-page\" data-elementor-id=\"1846\" class=\"elementor elementor-1846 elementor-1843\" data-elementor-post-type=\"page\">\n\t\t\t\t<div class=\"elementor-element elementor-element-06a34cd e-con-full e-flex e-con e-parent\" data-id=\"06a34cd\" data-element_type=\"container\">\n\t\t\t\t<div class=\"elementor-element elementor-element-9742cdb elementor--h-position-center elementor--v-position-middle elementor-arrows-position-inside elementor-pagination-position-inside elementor-widget elementor-widget-slides\" data-id=\"9742cdb\" data-element_type=\"widget\" data-settings=\"{&quot;navigation&quot;:&quot;both&quot;,&quot;autoplay&quot;:&quot;yes&quot;,&quot;pause_on_hover&quot;:&quot;yes&quot;,&quot;pause_on_interaction&quot;:&quot;yes&quot;,&quot;autoplay_speed&quot;:5000,&quot;infinite&quot;:&quot;yes&quot;,&quot;transition&quot;:&quot;slide&quot;,&quot;transition_speed&quot;:500,&quot;ekit_we_effect_on&quot;:&quot;none&quot;}\" data-widget_type=\"slides.default\">\n\t\t\t\t<div class=\"elementor-widget-container\">\n\t\t\t\t\t\t\t\t\t<div class=\"elementor-swiper\">\n\t\t\t\t\t<div class=\"elementor-slides-wrapper elementor-main-swiper swiper\" role=\"region\" aria-roledescription=\"carousel\" aria-label=\"Slides\" dir=\"ltr\" data-animation=\"fadeInUp\">\n\t\t\t\t<div class=\"swiper-wrapper elementor-slides\">\n\t\t\t\t\t\t\t\t\t\t<div class=\"elementor-repeater-item-64030ae swiper-slide\" role=\"group\" aria-roledescription=\"slide\"><div class=\"swiper-slide-bg\" role=\"img\" aria-label=\"1537187493\"><\/div><div class=\"swiper-slide-inner\" ><div class=\"swiper-slide-contents\"><div class=\"elementor-slide-heading\">Bienvenue \u00e0 la Ligue suisse contre les acouph\u00e8nes (LSA)<\/div><div class=\"elementor-slide-description\"><p>Nous sommes une association \u00e0 but non lucratif de personnes qui souhaitent prendre en charge les personnes souffrant d'acouph\u00e8nes, de surdit\u00e9 brusque, d'hypersensibilit\u00e9 aux bruits et de la maladie de Meni\u00e8re.  <\/p>\n<\/div><\/div><\/div><\/div><div class=\"elementor-repeater-item-4c42140 swiper-slide\" role=\"group\" aria-roledescription=\"slide\"><div class=\"swiper-slide-bg\" role=\"img\" aria-label=\"1537192188\"><\/div><div class=\"swiper-slide-inner\" ><div class=\"swiper-slide-contents\"><div class=\"elementor-slide-heading\">Bienvenue \u00e0 la Ligue suisse contre les acouph\u00e8nes (LSA)<\/div><div class=\"elementor-slide-description\"><p>Nous sommes sous le patronage de \"Pro Audito Suisse\", l'organisation pour les personnes ayant des probl\u00e8mes d'audition en Suisse.<\/p>\n<\/div><\/div><\/div><\/div>\t\t\t\t<\/div>\n\t\t\t\t\t\t\t\t\t\t\t\t\t\t\t<div class=\"elementor-swiper-button elementor-swiper-button-prev\" role=\"button\" tabindex=\"0\" aria-label=\"Previous slide\">\n\t\t\t\t\t\t\t<svg aria-hidden=\"true\" class=\"e-font-icon-svg e-eicon-chevron-left\" viewBox=\"0 0 1000 1000\" xmlns=\"http:\/\/www.w3.org\/2000\/svg\"><path d=\"M646 125C629 125 613 133 604 142L308 442C296 454 292 471 292 487 292 504 296 521 308 533L604 854C617 867 629 875 646 875 663 875 679 871 692 858 704 846 713 829 713 812 713 796 708 779 692 767L438 487 692 225C700 217 708 204 708 187 708 171 704 154 692 142 675 129 663 125 646 125Z\"><\/path><\/svg>\t\t\t\t\t\t<\/div>\n\t\t\t\t\t\t<div class=\"elementor-swiper-button elementor-swiper-button-next\" role=\"button\" tabindex=\"0\" aria-label=\"Next slide\">\n\t\t\t\t\t\t\t<svg aria-hidden=\"true\" class=\"e-font-icon-svg e-eicon-chevron-right\" viewBox=\"0 0 1000 1000\" xmlns=\"http:\/\/www.w3.org\/2000\/svg\"><path d=\"M696 533C708 521 713 504 713 487 713 471 708 454 696 446L400 146C388 133 375 125 354 125 338 125 325 129 313 142 300 154 292 171 292 187 292 204 296 221 308 233L563 492 304 771C292 783 288 800 288 817 288 833 296 850 308 863 321 871 338 875 354 875 371 875 388 867 400 854L696 533Z\"><\/path><\/svg>\t\t\t\t\t\t<\/div>\n\t\t\t\t\t\t\t\t\t\t\t\t\t\t\t\t<div class=\"swiper-pagination\"><\/div>\n\t\t\t\t\t\t\t\t\t\t\t\t<\/div>\n\t\t\t\t<\/div>\n\t\t\t\t\t\t\t\t<\/div>\n\t\t\t\t<\/div>\n\t\t\t\t<\/div>\n\t\t<div class=\"elementor-element elementor-element-9407cbd e-flex e-con-boxed e-con e-parent\" data-id=\"9407cbd\" data-element_type=\"container\">\n\t\t\t\t\t<div class=\"e-con-inner\">\n\t\t\t\t<div class=\"elementor-element elementor-element-3280e1e elementor-widget elementor-widget-spacer\" data-id=\"3280e1e\" data-element_type=\"widget\" data-settings=\"{&quot;ekit_we_effect_on&quot;:&quot;none&quot;}\" data-widget_type=\"spacer.default\">\n\t\t\t\t<div class=\"elementor-widget-container\">\n\t\t\t\t\t\t\t<div class=\"elementor-spacer\">\n\t\t\t<div class=\"elementor-spacer-inner\"><\/div>\n\t\t<\/div>\n\t\t\t\t\t\t<\/div>\n\t\t\t\t<\/div>\n\t\t\t\t\t<\/div>\n\t\t\t\t<\/div>\n\t\t<div class=\"elementor-element elementor-element-de810f6 e-flex e-con-boxed e-con e-parent\" data-id=\"de810f6\" data-element_type=\"container\">\n\t\t\t\t\t<div class=\"e-con-inner\">\n\t\t\t\t<div class=\"elementor-element elementor-element-2614c30 elementor-widget elementor-widget-text-editor\" data-id=\"2614c30\" data-element_type=\"widget\" data-settings=\"{&quot;ekit_we_effect_on&quot;:&quot;none&quot;}\" data-widget_type=\"text-editor.default\">\n\t\t\t\t<div class=\"elementor-widget-container\">\n\t\t\t\t\t\t\t\t\t<h1>NOUVEAUT\u00c9S<\/h1>\t\t\t\t\t\t\t\t<\/div>\n\t\t\t\t<\/div>\n\t\t\t\t\t<\/div>\n\t\t\t\t<\/div>\n\t\t<div class=\"elementor-element elementor-element-c85293c e-flex e-con-boxed e-con e-parent\" data-id=\"c85293c\" data-element_type=\"container\">\n\t\t\t\t\t<div class=\"e-con-inner\">\n\t\t<div class=\"elementor-element elementor-element-ec65895 e-con-full e-flex e-con e-child\" data-id=\"ec65895\" data-element_type=\"container\">\n\t\t\t\t<div class=\"elementor-element elementor-element-47a265d elementor-widget elementor-widget-text-editor\" data-id=\"47a265d\" data-element_type=\"widget\" data-settings=\"{&quot;ekit_we_effect_on&quot;:&quot;none&quot;}\" data-widget_type=\"text-editor.default\">\n\t\t\t\t<div class=\"elementor-widget-container\">\n\t\t\t\t\t\t\t\t\t<h1>26e symposium sur les acouph\u00e8nes \u00e0 Berlin<\/h1><div class=\"page\" title=\"Page 1\"><div class=\"section\"><div class=\"layoutArea\"><div class=\"column\"><div class=\"page\" title=\"Page 1\"><div class=\"layoutArea\"><div class=\"column\"><div class=\"page\" title=\"Page 1\"><div class=\"section\"><div class=\"layoutArea\"><div class=\"column\"><div class=\"page\" title=\"Page 1\"><div class=\"section\"><div class=\"layoutArea\"><div class=\"column\"><p>Derni\u00e8res d\u00e9couvertes de la recherche et de la pratique  <\/p><\/div><\/div><\/div><\/div><\/div><\/div><\/div><\/div><\/div><\/div><\/div><\/div><\/div><\/div><\/div><h2><span style=\"font-size: 28px;\"> <\/span><\/h2>\t\t\t\t\t\t\t\t<\/div>\n\t\t\t\t<\/div>\n\t\t\t\t<\/div>\n\t\t<div class=\"elementor-element elementor-element-040c124 e-con-full e-flex e-con e-child\" data-id=\"040c124\" data-element_type=\"container\">\n\t\t\t\t<div class=\"elementor-element elementor-element-d6f7c98 elementor-widget elementor-widget-image\" data-id=\"d6f7c98\" data-element_type=\"widget\" data-settings=\"{&quot;ekit_we_effect_on&quot;:&quot;none&quot;}\" data-widget_type=\"image.default\">\n\t\t\t\t<div class=\"elementor-widget-container\">\n\t\t\t\t\t\t\t\t\t\t\t\t\t\t\t<img fetchpriority=\"high\" decoding=\"async\" width=\"638\" height=\"845\" src=\"https:\/\/tinnitus-liga.ch\/wp-content\/uploads\/2025\/08\/Symposium.png\" class=\"attachment-large size-large wp-image-3277\" alt=\"\" srcset=\"https:\/\/tinnitus-liga.ch\/wp-content\/uploads\/2025\/08\/Symposium.png 638w, https:\/\/tinnitus-liga.ch\/wp-content\/uploads\/2025\/08\/Symposium-227x300.png 227w\" sizes=\"(max-width: 638px) 100vw, 638px\" \/>\t\t\t\t\t\t\t\t\t\t\t\t\t\t\t<\/div>\n\t\t\t\t<\/div>\n\t\t\t\t<\/div>\n\t\t<div class=\"elementor-element elementor-element-35fdfbc e-con-full e-flex e-con e-child\" data-id=\"35fdfbc\" data-element_type=\"container\">\n\t\t\t\t<div class=\"elementor-element elementor-element-b810aa6 elementor-widget__width-initial elementor-widget elementor-widget-text-editor\" data-id=\"b810aa6\" data-element_type=\"widget\" data-settings=\"{&quot;ekit_we_effect_on&quot;:&quot;none&quot;}\" data-widget_type=\"text-editor.default\">\n\t\t\t\t<div class=\"elementor-widget-container\">\n\t\t\t\t\t\t\t\t\t<div class=\"page\" title=\"Page 1\"><div class=\"section\"><div class=\"layoutArea\"><div class=\"column\"><div class=\"page\" title=\"Page 1\"><div class=\"layoutArea\"><div class=\"column\"><p>Les acouph\u00e8nes et les troubles de l&rsquo;audition sont des sujets qui prennent de plus en plus d&rsquo;importance dans la pratique quotidienne. Nous organisons r\u00e9guli\u00e8rement des symposiums sur les acouph\u00e8nes et les troubles de l&rsquo;audition afin de vous donner un aper\u00e7u de l&rsquo;ensemble de la gamme des clients, du diagnostic et du traitement des acouph\u00e8nes et des troubles de l&rsquo;audition&#8230; <\/p><\/div><\/div><\/div><\/div><\/div><\/div><\/div><p><a href=\"https:\/\/tinnituszentrum.charite.de\/ueber_das_tinnituszentrum\/veranstaltungen\/\">Cliquez ici pour le programme et l&rsquo;inscription<\/a><\/p><p> <\/p>\t\t\t\t\t\t\t\t<\/div>\n\t\t\t\t<\/div>\n\t\t\t\t<\/div>\n\t\t\t\t\t<\/div>\n\t\t\t\t<\/div>\n\t\t<div class=\"elementor-element elementor-element-9eca2b4 e-flex e-con-boxed e-con e-parent\" data-id=\"9eca2b4\" data-element_type=\"container\">\n\t\t\t\t\t<div class=\"e-con-inner\">\n\t\t<div class=\"elementor-element elementor-element-72eac50 e-con-full e-flex e-con e-child\" data-id=\"72eac50\" data-element_type=\"container\">\n\t\t\t\t<div class=\"elementor-element elementor-element-3609ff0 elementor-widget elementor-widget-text-editor\" data-id=\"3609ff0\" data-element_type=\"widget\" data-settings=\"{&quot;ekit_we_effect_on&quot;:&quot;none&quot;}\" data-widget_type=\"text-editor.default\">\n\t\t\t\t<div class=\"elementor-widget-container\">\n\t\t\t\t\t\t\t\t\t<h1>Bien entendre est un d\u00e9fi pour beaucoup<\/h1><div class=\"page\" title=\"Page 1\"><div class=\"section\"><div class=\"layoutArea\"><div class=\"column\"><div class=\"page\" title=\"Page 1\"><div class=\"layoutArea\"><div class=\"column\"><p>Coup d&rsquo;envoi en fanfare pour 2025 et focus sur la sant\u00e9 \u00e0 l&rsquo;occasion du forum sant\u00e9 au Tertianum Salmenpark<\/p><\/div><\/div><\/div><\/div><\/div><\/div><\/div><h2><span style=\"font-size: 28px;\"> <\/span><\/h2>\t\t\t\t\t\t\t\t<\/div>\n\t\t\t\t<\/div>\n\t\t\t\t<\/div>\n\t\t<div class=\"elementor-element elementor-element-4459679 e-con-full e-flex e-con e-child\" data-id=\"4459679\" data-element_type=\"container\">\n\t\t\t\t<div class=\"elementor-element elementor-element-9449121 elementor-widget elementor-widget-image\" data-id=\"9449121\" data-element_type=\"widget\" data-settings=\"{&quot;ekit_we_effect_on&quot;:&quot;none&quot;}\" data-widget_type=\"image.default\">\n\t\t\t\t<div class=\"elementor-widget-container\">\n\t\t\t\t\t\t\t\t\t\t\t\t\t\t\t<img decoding=\"async\" width=\"445\" height=\"442\" src=\"https:\/\/tinnitus-liga.ch\/wp-content\/uploads\/2025\/05\/Neue-Fricktaler-zeitung.png\" class=\"attachment-large size-large wp-image-3075\" alt=\"\" srcset=\"https:\/\/tinnitus-liga.ch\/wp-content\/uploads\/2025\/05\/Neue-Fricktaler-zeitung.png 445w, https:\/\/tinnitus-liga.ch\/wp-content\/uploads\/2025\/05\/Neue-Fricktaler-zeitung-300x298.png 300w, https:\/\/tinnitus-liga.ch\/wp-content\/uploads\/2025\/05\/Neue-Fricktaler-zeitung-150x150.png 150w\" sizes=\"(max-width: 445px) 100vw, 445px\" \/>\t\t\t\t\t\t\t\t\t\t\t\t\t\t\t<\/div>\n\t\t\t\t<\/div>\n\t\t\t\t<\/div>\n\t\t<div class=\"elementor-element elementor-element-6eb22bb e-con-full e-flex e-con e-child\" data-id=\"6eb22bb\" data-element_type=\"container\">\n\t\t\t\t<div class=\"elementor-element elementor-element-00be207 elementor-widget__width-initial elementor-widget elementor-widget-text-editor\" data-id=\"00be207\" data-element_type=\"widget\" data-settings=\"{&quot;ekit_we_effect_on&quot;:&quot;none&quot;}\" data-widget_type=\"text-editor.default\">\n\t\t\t\t<div class=\"elementor-widget-container\">\n\t\t\t\t\t\t\t\t\t<div class=\"page\" title=\"Page 1\"><div class=\"layoutArea\"><div class=\"column\"><p>Comment allez-vous ? C&rsquo;est avec cette question simple mais centrale que le forum sant\u00e9 de Rheinfelden a ouvert la semaine derni\u00e8re sa premi\u00e8re soir\u00e9e de conf\u00e9rences 2025 au Salmenpark sur le th\u00e8me \u00ab\u00a0bien entendre\u00a0\u00bb. Le public pr\u00e9sent dans la salle comble a particip\u00e9 avec enthousiasme. Demander s\u00e9rieusement \u00e0 son interlocuteur comment il se sent ne co\u00fbte rien et donne la possibilit\u00e9 d&rsquo;\u00e9changer \u00e0 ce sujet. Les participants n&rsquo;ont pas h\u00e9sit\u00e9 \u00e0 profiter de cette occasion pour raconter leur journ\u00e9e \u00e0 leur voisin.    <\/p><\/div><\/div><\/div><div class=\"page\" title=\"Page 1\"><div class=\"section\"><div class=\"layoutArea\"><div class=\"column\"><div class=\"page\" title=\"Page 1\"><div class=\"layoutArea\"><div class=\"column\"><p>\u00ab\u00a0Bien entendre &#8211; un d\u00e9fi pour beaucoup\u00a0\u00bb : Un sujet d\u00e9licat et d&rsquo;une grande importance. Bien entendre &#8211; cela semble \u00e9vident, mais&#8230; <\/p><\/div><\/div><\/div><\/div><\/div><\/div><\/div><p><a href=\"https:\/\/tinnitus-liga.ch\/wp-content\/uploads\/2025\/05\/20250128-NFZ-Pressebericht-Gut-Hoeren-ist-eine-Herausforderung-fuer-viele.pdf\">En savoir plus sur l&rsquo;article<\/a><\/p><p><a href=\"https:\/\/tinnitus-liga.ch\/wp-content\/uploads\/2025\/05\/20250129-fricktal.info-Bericht-Dem-Hoeren-Gehoer-schenken.pdf\">Et ici pour l&rsquo;article de journal Fricktal.info : Dem H\u00f6ren schenken zu Geh\u00f6r<\/a><\/p>\t\t\t\t\t\t\t\t<\/div>\n\t\t\t\t<\/div>\n\t\t\t\t<\/div>\n\t\t\t\t\t<\/div>\n\t\t\t\t<\/div>\n\t\t<div class=\"elementor-element elementor-element-a89f1f1 e-flex e-con-boxed e-con e-parent\" data-id=\"a89f1f1\" data-element_type=\"container\">\n\t\t\t\t\t<div class=\"e-con-inner\">\n\t\t<div class=\"elementor-element elementor-element-a41919b e-con-full e-flex e-con e-child\" data-id=\"a41919b\" data-element_type=\"container\">\n\t\t\t\t<div class=\"elementor-element elementor-element-88b9133 elementor-widget elementor-widget-text-editor\" data-id=\"88b9133\" data-element_type=\"widget\" data-settings=\"{&quot;ekit_we_effect_on&quot;:&quot;none&quot;}\" data-widget_type=\"text-editor.default\">\n\t\t\t\t<div class=\"elementor-widget-container\">\n\t\t\t\t\t\t\t\t\t<h1>\u00ab\u00a0Les acouph\u00e8nes sont pour moi un signe d&rsquo;alerte en cas d&rsquo;exposition excessive\u00a0\u00bb.<\/h1><div class=\"page\" title=\"Page 1\"><div class=\"section\"><div class=\"layoutArea\"><div class=\"column\"><p>Le Fricktalien pr\u00e9side la Ligue suisse contre les acouph\u00e8nes<\/p><\/div><\/div><\/div><\/div><h2><span style=\"font-size: 28px;\"> <\/span><\/h2>\t\t\t\t\t\t\t\t<\/div>\n\t\t\t\t<\/div>\n\t\t\t\t<\/div>\n\t\t<div class=\"elementor-element elementor-element-f56b799 e-con-full e-flex e-con e-child\" data-id=\"f56b799\" data-element_type=\"container\">\n\t\t\t\t<div class=\"elementor-element elementor-element-c116250 elementor-widget elementor-widget-image\" data-id=\"c116250\" data-element_type=\"widget\" data-settings=\"{&quot;ekit_we_effect_on&quot;:&quot;none&quot;}\" data-widget_type=\"image.default\">\n\t\t\t\t<div class=\"elementor-widget-container\">\n\t\t\t\t\t\t\t\t\t\t\t\t\t\t\t<img decoding=\"async\" width=\"578\" height=\"476\" src=\"https:\/\/tinnitus-liga.ch\/wp-content\/uploads\/2025\/05\/Bildschirmfoto-2025-05-14-um-15.55.02.png\" class=\"attachment-large size-large wp-image-3061\" alt=\"\" srcset=\"https:\/\/tinnitus-liga.ch\/wp-content\/uploads\/2025\/05\/Bildschirmfoto-2025-05-14-um-15.55.02.png 578w, https:\/\/tinnitus-liga.ch\/wp-content\/uploads\/2025\/05\/Bildschirmfoto-2025-05-14-um-15.55.02-300x247.png 300w\" sizes=\"(max-width: 578px) 100vw, 578px\" \/>\t\t\t\t\t\t\t\t\t\t\t\t\t\t\t<\/div>\n\t\t\t\t<\/div>\n\t\t\t\t<\/div>\n\t\t<div class=\"elementor-element elementor-element-92ffe11 e-con-full e-flex e-con e-child\" data-id=\"92ffe11\" data-element_type=\"container\">\n\t\t\t\t<div class=\"elementor-element elementor-element-39b5e52 elementor-widget__width-initial elementor-widget elementor-widget-text-editor\" data-id=\"39b5e52\" data-element_type=\"widget\" data-settings=\"{&quot;ekit_we_effect_on&quot;:&quot;none&quot;}\" data-widget_type=\"text-editor.default\">\n\t\t\t\t<div class=\"elementor-widget-container\">\n\t\t\t\t\t\t\t\t\t<p>Des sifflements soudains dans les oreilles : Rainer H. Porschien vit avec des acouph\u00e8nes depuis plus de quatre d\u00e9cennies. En tant que pr\u00e9sident de la Ligue suisse contre les acouph\u00e8nes, cet homme de 67 ans, originaire de Rheinfelden, souhaite que les personnes concern\u00e9es n&rsquo;aient plus peur de parler de ce sympt\u00f4me. <\/p><p>Contribution de Valentin Zumsteg<\/p><div class=\"page\" title=\"Page 1\"><div class=\"section\"><div class=\"layoutArea\"><div class=\"column\"><p>RHEINFELDEN. \u00ab\u00a0Les acouph\u00e8nes sont apparus soudainement ; d&rsquo;un moment \u00e0 l&rsquo;autre, j&rsquo;ai eu des sifflements g\u00eanants dans les oreilles\u00a0\u00bb, se souvient Rainer H. Porschien. Il avait alors 25 ans, travaillait dans un service de soins \u00e9puisant et \u00e9tudiait en m\u00eame temps. \u00ab\u00a0Le stress psychologique \u00e9tait certainement important\u00a0\u00bb, raconte ce natif de L\u00fcbeck. Le jeune p\u00e8re a \u00e9t\u00e9 victime d&rsquo;une surdit\u00e9 brusque \u00e0 deux reprises. Il n&rsquo;exclut pas aujourd&rsquo;hui qu&rsquo;il y ait eu un lien avec un incident militaire survenu il y a quelque temps : \u00ab\u00a0Alors que j&rsquo;\u00e9tais soldat contractuel dans un grand hall de v\u00e9hicules, un char a eu un rat\u00e9 au d\u00e9marrage. Il y a eu un grand bruit. Le lendemain, je n&rsquo;entendais pas bien, mais \u00e7a s&rsquo;est arrang\u00e9\u00a0\u00bb&#8230;.     <\/p><\/div><\/div><\/div><\/div><p><a href=\"https:\/\/tinnitus-liga.ch\/wp-content\/uploads\/2025\/05\/20250227-NFZ-Artikel-Tinnitus-RHPorschien.pdf\">En savoir plus sur l&rsquo;article<\/a><\/p>\t\t\t\t\t\t\t\t<\/div>\n\t\t\t\t<\/div>\n\t\t\t\t<\/div>\n\t\t\t\t\t<\/div>\n\t\t\t\t<\/div>\n\t\t<div class=\"elementor-element elementor-element-887fc4c e-flex e-con-boxed e-con e-parent\" data-id=\"887fc4c\" data-element_type=\"container\">\n\t\t\t\t\t<div class=\"e-con-inner\">\n\t\t<div class=\"elementor-element elementor-element-d019e47 e-con-full e-flex e-con e-child\" data-id=\"d019e47\" data-element_type=\"container\">\n\t\t\t\t<div class=\"elementor-element elementor-element-a68fa83 elementor-widget elementor-widget-text-editor\" data-id=\"a68fa83\" data-element_type=\"widget\" data-settings=\"{&quot;ekit_we_effect_on&quot;:&quot;none&quot;}\" data-widget_type=\"text-editor.default\">\n\t\t\t\t<div class=\"elementor-widget-container\">\n\t\t\t\t\t\t\t\t\t<h1>AG de la Ligue suisse contre les acouph\u00e8nes STL<\/h1><div class=\"page\" title=\"Page 1\"><div class=\"section\"><div class=\"layoutArea\"><div class=\"column\"><p>Nouvelles \u00e0 venir<\/p><\/div><\/div><\/div><\/div><h2><span style=\"font-size: 28px;\"> <\/span><\/h2>\t\t\t\t\t\t\t\t<\/div>\n\t\t\t\t<\/div>\n\t\t\t\t<\/div>\n\t\t<div class=\"elementor-element elementor-element-1c96c9b e-con-full e-flex e-con e-child\" data-id=\"1c96c9b\" data-element_type=\"container\">\n\t\t\t\t<div class=\"elementor-element elementor-element-51bec64 elementor-widget elementor-widget-image\" data-id=\"51bec64\" data-element_type=\"widget\" data-settings=\"{&quot;ekit_we_effect_on&quot;:&quot;none&quot;}\" data-widget_type=\"image.default\">\n\t\t\t\t<div class=\"elementor-widget-container\">\n\t\t\t\t\t\t\t\t\t\t\t\t\t\t\t<img loading=\"lazy\" decoding=\"async\" width=\"800\" height=\"450\" src=\"https:\/\/tinnitus-liga.ch\/wp-content\/uploads\/2025\/05\/GV2025-1024x576.jpeg\" class=\"attachment-large size-large wp-image-3232\" alt=\"\" srcset=\"https:\/\/tinnitus-liga.ch\/wp-content\/uploads\/2025\/05\/GV2025-1024x576.jpeg 1024w, https:\/\/tinnitus-liga.ch\/wp-content\/uploads\/2025\/05\/GV2025-300x169.jpeg 300w, https:\/\/tinnitus-liga.ch\/wp-content\/uploads\/2025\/05\/GV2025-768x432.jpeg 768w, https:\/\/tinnitus-liga.ch\/wp-content\/uploads\/2025\/05\/GV2025-1536x864.jpeg 1536w, https:\/\/tinnitus-liga.ch\/wp-content\/uploads\/2025\/05\/GV2025-2048x1152.jpeg 2048w\" sizes=\"(max-width: 800px) 100vw, 800px\" \/>\t\t\t\t\t\t\t\t\t\t\t\t\t\t\t<\/div>\n\t\t\t\t<\/div>\n\t\t\t\t<\/div>\n\t\t<div class=\"elementor-element elementor-element-d822f97 e-con-full e-flex e-con e-child\" data-id=\"d822f97\" data-element_type=\"container\">\n\t\t\t\t<div class=\"elementor-element elementor-element-a6d1964 elementor-widget__width-initial elementor-widget elementor-widget-text-editor\" data-id=\"a6d1964\" data-element_type=\"widget\" data-settings=\"{&quot;ekit_we_effect_on&quot;:&quot;none&quot;}\" data-widget_type=\"text-editor.default\">\n\t\t\t\t<div class=\"elementor-widget-container\">\n\t\t\t\t\t\t\t\t\t<p>Comme chaque ann\u00e9e&#8230;.<\/p><p> <\/p>\t\t\t\t\t\t\t\t<\/div>\n\t\t\t\t<\/div>\n\t\t\t\t<\/div>\n\t\t\t\t\t<\/div>\n\t\t\t\t<\/div>\n\t\t<div class=\"elementor-element elementor-element-bbe2968 e-flex e-con-boxed e-con e-parent\" data-id=\"bbe2968\" data-element_type=\"container\">\n\t\t\t\t\t<div class=\"e-con-inner\">\n\t\t\t\t<div class=\"elementor-element elementor-element-75afcb4 elementor-widget elementor-widget-spacer\" data-id=\"75afcb4\" data-element_type=\"widget\" data-settings=\"{&quot;ekit_we_effect_on&quot;:&quot;none&quot;}\" data-widget_type=\"spacer.default\">\n\t\t\t\t<div class=\"elementor-widget-container\">\n\t\t\t\t\t\t\t<div class=\"elementor-spacer\">\n\t\t\t<div class=\"elementor-spacer-inner\"><\/div>\n\t\t<\/div>\n\t\t\t\t\t\t<\/div>\n\t\t\t\t<\/div>\n\t\t\t\t\t<\/div>\n\t\t\t\t<\/div>\n\t\t\t\t<\/div>\n\t\t","protected":false},"excerpt":{"rendered":"<p>Bienvenue \u00e0 la Ligue suisse contre les acouph\u00e8nes (LSA) Nous sommes une association \u00e0 but non lucratif de personnes qui souhaitent prendre en charge les personnes souffrant d&rsquo;acouph\u00e8nes, de surdit\u00e9 brusque, d&rsquo;hypersensibilit\u00e9 aux bruits et de la maladie de Meni\u00e8re. Bienvenue \u00e0 la Ligue suisse contre les acouph\u00e8nes (LSA) Nous sommes sous le patronage de [&hellip;]<\/p>\n","protected":false},"author":1,"featured_media":0,"parent":0,"menu_order":0,"comment_status":"closed","ping_status":"closed","template":"","meta":{"footnotes":""},"class_list":["post-1846","page","type-page","status-publish","hentry"],"_links":{"self":[{"href":"https:\/\/tinnitus-liga.ch\/fr\/wp-json\/wp\/v2\/pages\/1846","targetHints":{"allow":["GET"]}}],"collection":[{"href":"https:\/\/tinnitus-liga.ch\/fr\/wp-json\/wp\/v2\/pages"}],"about":[{"href":"https:\/\/tinnitus-liga.ch\/fr\/wp-json\/wp\/v2\/types\/page"}],"author":[{"embeddable":true,"href":"https:\/\/tinnitus-liga.ch\/fr\/wp-json\/wp\/v2\/users\/1"}],"replies":[{"embeddable":true,"href":"https:\/\/tinnitus-liga.ch\/fr\/wp-json\/wp\/v2\/comments?post=1846"}],"version-history":[{"count":38,"href":"https:\/\/tinnitus-liga.ch\/fr\/wp-json\/wp\/v2\/pages\/1846\/revisions"}],"predecessor-version":[{"id":3391,"href":"https:\/\/tinnitus-liga.ch\/fr\/wp-json\/wp\/v2\/pages\/1846\/revisions\/3391"}],"wp:attachment":[{"href":"https:\/\/tinnitus-liga.ch\/fr\/wp-json\/wp\/v2\/media?parent=1846"}],"curies":[{"name":"wp","href":"https:\/\/api.w.org\/{rel}","templated":true}]}}