{"id":718,"date":"2024-01-22T18:25:52","date_gmt":"2024-01-22T18:25:52","guid":{"rendered":"https:\/\/tinnitus-liga.ch\/conseil-scientifique\/"},"modified":"2025-09-20T22:03:34","modified_gmt":"2025-09-20T22:03:34","slug":"conseil-scientifique","status":"publish","type":"page","link":"https:\/\/tinnitus-liga.ch\/fr\/a-propos-de-nous\/conseil-scientifique\/","title":{"rendered":"Conseil scientifique"},"content":{"rendered":"\t\t<div data-elementor-type=\"wp-page\" data-elementor-id=\"718\" class=\"elementor elementor-718 elementor-477\" data-elementor-post-type=\"page\">\n\t\t\t\t<div class=\"elementor-element elementor-element-303e8bf2 e-con-full e-flex e-con e-parent\" data-id=\"303e8bf2\" data-element_type=\"container\">\n\t\t\t\t<div class=\"elementor-element elementor-element-ba864e2 elementor--h-position-center elementor--v-position-middle elementor-arrows-position-inside elementor-pagination-position-inside elementor-widget elementor-widget-slides\" data-id=\"ba864e2\" data-element_type=\"widget\" data-settings=\"{&quot;navigation&quot;:&quot;both&quot;,&quot;autoplay&quot;:&quot;yes&quot;,&quot;pause_on_hover&quot;:&quot;yes&quot;,&quot;pause_on_interaction&quot;:&quot;yes&quot;,&quot;autoplay_speed&quot;:5000,&quot;infinite&quot;:&quot;yes&quot;,&quot;transition&quot;:&quot;slide&quot;,&quot;transition_speed&quot;:500,&quot;ekit_we_effect_on&quot;:&quot;none&quot;}\" data-widget_type=\"slides.default\">\n\t\t\t\t<div class=\"elementor-widget-container\">\n\t\t\t\t\t\t\t\t\t<div class=\"elementor-swiper\">\n\t\t\t\t\t<div class=\"elementor-slides-wrapper elementor-main-swiper swiper\" role=\"region\" aria-roledescription=\"carousel\" aria-label=\"Slides\" dir=\"ltr\" data-animation=\"fadeInUp\">\n\t\t\t\t<div class=\"swiper-wrapper elementor-slides\">\n\t\t\t\t\t\t\t\t\t\t<div class=\"elementor-repeater-item-64030ae swiper-slide\" role=\"group\" aria-roledescription=\"slide\"><div class=\"swiper-slide-bg\" role=\"img\" aria-label=\"Business group with hands together - teamwork concepts\"><\/div><div class=\"swiper-slide-inner\" ><div class=\"swiper-slide-contents\"><div class=\"elementor-slide-heading\">CONSEIL SCIENTIFIQUE<\/div><\/div><\/div><\/div>\t\t\t\t<\/div>\n\t\t\t\t\t\t\t<\/div>\n\t\t\t\t<\/div>\n\t\t\t\t\t\t\t\t<\/div>\n\t\t\t\t<\/div>\n\t\t\t\t<\/div>\n\t\t<div class=\"elementor-element elementor-element-99e2ded e-flex e-con-boxed e-con e-parent\" data-id=\"99e2ded\" data-element_type=\"container\">\n\t\t\t\t\t<div class=\"e-con-inner\">\n\t\t\t\t<div class=\"elementor-element elementor-element-3829bf3 elementor-widget elementor-widget-spacer\" data-id=\"3829bf3\" data-element_type=\"widget\" data-settings=\"{&quot;ekit_we_effect_on&quot;:&quot;none&quot;}\" data-widget_type=\"spacer.default\">\n\t\t\t\t<div class=\"elementor-widget-container\">\n\t\t\t\t\t\t\t<div class=\"elementor-spacer\">\n\t\t\t<div class=\"elementor-spacer-inner\"><\/div>\n\t\t<\/div>\n\t\t\t\t\t\t<\/div>\n\t\t\t\t<\/div>\n\t\t\t\t\t<\/div>\n\t\t\t\t<\/div>\n\t\t<div class=\"elementor-element elementor-element-93ad360 e-flex e-con-boxed e-con e-parent\" data-id=\"93ad360\" data-element_type=\"container\">\n\t\t\t\t\t<div class=\"e-con-inner\">\n\t\t\t\t<div class=\"elementor-element elementor-element-237a114 elementor-widget elementor-widget-text-editor\" data-id=\"237a114\" data-element_type=\"widget\" data-settings=\"{&quot;ekit_we_effect_on&quot;:&quot;none&quot;}\" data-widget_type=\"text-editor.default\">\n\t\t\t\t<div class=\"elementor-widget-container\">\n\t\t\t\t\t\t\t\t\t<h1>CONSEIL SCIENTIFIQUE<\/h1>\n<div id=\"simple-translate\" class=\"simple-translate-system-theme\">\n<div>\n<div class=\"simple-translate-button isShow\" style=\"background-image: url('moz-extension:\/\/1de944e8-2d51-4bb4-a0f2-225580f3ed5d\/icons\/512.png'); height: 22px; width: 22px; top: 53px; left: -74px;\"><\/div>\n<div class=\"simple-translate-panel \" style=\"width: 300px; height: 200px; top: 0px; left: 0px; font-size: 13px;\">\n<div class=\"simple-translate-result-wrapper\" style=\"overflow: hidden;\">\n<div class=\"simple-translate-move\" draggable=\"true\"><\/div>\n<div class=\"simple-translate-result-contents\">\n<p class=\"simple-translate-candidate\" dir=\"auto\"><\/p>\n\n<\/div>\n<\/div>\n<\/div>\n<\/div>\n<\/div>\t\t\t\t\t\t\t\t<\/div>\n\t\t\t\t<\/div>\n\t\t\t\t\t<\/div>\n\t\t\t\t<\/div>\n\t\t<div class=\"elementor-element elementor-element-fc382a8 e-flex e-con-boxed e-con e-parent\" data-id=\"fc382a8\" data-element_type=\"container\">\n\t\t\t\t\t<div class=\"e-con-inner\">\n\t\t<div class=\"elementor-element elementor-element-462e688 e-con-full e-flex e-con e-child\" data-id=\"462e688\" data-element_type=\"container\">\n\t\t\t\t<div class=\"elementor-element elementor-element-880ee0c elementor-widget elementor-widget-image\" data-id=\"880ee0c\" data-element_type=\"widget\" data-settings=\"{&quot;ekit_we_effect_on&quot;:&quot;none&quot;}\" data-widget_type=\"image.default\">\n\t\t\t\t<div class=\"elementor-widget-container\">\n\t\t\t\t\t\t\t\t\t\t\t\t\t\t\t<img decoding=\"async\" width=\"167\" height=\"245\" src=\"https:\/\/tinnitus-liga.ch\/wp-content\/uploads\/2024\/01\/Winfried-Schlee.jpg\" class=\"attachment-large size-large wp-image-701\" alt=\"\" \/>\t\t\t\t\t\t\t\t\t\t\t\t\t\t\t<\/div>\n\t\t\t\t<\/div>\n\t\t\t\t<\/div>\n\t\t<div class=\"elementor-element elementor-element-032fc41 e-con-full e-flex e-con e-child\" data-id=\"032fc41\" data-element_type=\"container\">\n\t\t\t\t<div class=\"elementor-element elementor-element-1c31d1f elementor-widget elementor-widget-text-editor\" data-id=\"1c31d1f\" data-element_type=\"widget\" data-settings=\"{&quot;ekit_we_effect_on&quot;:&quot;none&quot;}\" data-widget_type=\"text-editor.default\">\n\t\t\t\t<div class=\"elementor-widget-container\">\n\t\t\t\t\t\t\t\t\t<p><strong>Prof. Dr Winfried Schlee (porte-parole)<\/strong><\/p><ul><li>Professeur d&rsquo;informatique de gestion, Haute \u00e9cole sp\u00e9cialis\u00e9e de Suisse orientale<\/li><\/ul><div id=\"simple-translate\" class=\"simple-translate-system-theme\"><div><div class=\"simple-translate-button isShow\" style=\"background-image: url('moz-extension:\/\/1de944e8-2d51-4bb4-a0f2-225580f3ed5d\/icons\/512.png'); height: 22px; width: 22px; top: 39px; left: -17px;\"> <\/div><div class=\"simple-translate-panel \" style=\"width: 300px; height: 200px; top: 0px; left: 0px; font-size: 13px;\"><div class=\"simple-translate-result-wrapper\" style=\"overflow: hidden;\"><div class=\"simple-translate-move\" draggable=\"true\"> <\/div><div class=\"simple-translate-result-contents\"><p class=\"simple-translate-result\" dir=\"auto\"> <\/p><p class=\"simple-translate-candidate\" dir=\"auto\"> <\/p><\/div><\/div><\/div><\/div><\/div>\t\t\t\t\t\t\t\t<\/div>\n\t\t\t\t<\/div>\n\t\t\t\t<\/div>\n\t\t\t\t\t<\/div>\n\t\t\t\t<\/div>\n\t\t<div class=\"elementor-element elementor-element-cd47a75 e-flex e-con-boxed e-con e-parent\" data-id=\"cd47a75\" data-element_type=\"container\">\n\t\t\t\t\t<div class=\"e-con-inner\">\n\t\t\t\t<div class=\"elementor-element elementor-element-7950a91 elementor-widget-divider--view-line elementor-widget elementor-widget-divider\" data-id=\"7950a91\" data-element_type=\"widget\" data-settings=\"{&quot;ekit_we_effect_on&quot;:&quot;none&quot;}\" data-widget_type=\"divider.default\">\n\t\t\t\t<div class=\"elementor-widget-container\">\n\t\t\t\t\t\t\t<div class=\"elementor-divider\">\n\t\t\t<span class=\"elementor-divider-separator\">\n\t\t\t\t\t\t<\/span>\n\t\t<\/div>\n\t\t\t\t\t\t<\/div>\n\t\t\t\t<\/div>\n\t\t\t\t\t<\/div>\n\t\t\t\t<\/div>\n\t\t<div class=\"elementor-element elementor-element-6afba34 e-flex e-con-boxed e-con e-parent\" data-id=\"6afba34\" data-element_type=\"container\">\n\t\t\t\t\t<div class=\"e-con-inner\">\n\t\t<div class=\"elementor-element elementor-element-12bf891 e-con-full e-flex e-con e-child\" data-id=\"12bf891\" data-element_type=\"container\">\n\t\t\t\t<div class=\"elementor-element elementor-element-c678032 elementor-widget elementor-widget-image\" data-id=\"c678032\" data-element_type=\"widget\" data-settings=\"{&quot;ekit_we_effect_on&quot;:&quot;none&quot;}\" data-widget_type=\"image.default\">\n\t\t\t\t<div class=\"elementor-widget-container\">\n\t\t\t\t\t\t\t\t\t\t\t\t\t\t\t<img decoding=\"async\" width=\"167\" height=\"167\" src=\"https:\/\/tinnitus-liga.ch\/wp-content\/uploads\/2024\/01\/Tobias-Kleinjung.png\" class=\"attachment-large size-large wp-image-697\" alt=\"\" srcset=\"https:\/\/tinnitus-liga.ch\/wp-content\/uploads\/2024\/01\/Tobias-Kleinjung.png 167w, https:\/\/tinnitus-liga.ch\/wp-content\/uploads\/2024\/01\/Tobias-Kleinjung-150x150.png 150w\" sizes=\"(max-width: 167px) 100vw, 167px\" \/>\t\t\t\t\t\t\t\t\t\t\t\t\t\t\t<\/div>\n\t\t\t\t<\/div>\n\t\t\t\t<\/div>\n\t\t<div class=\"elementor-element elementor-element-2e00fe4 e-con-full e-flex e-con e-child\" data-id=\"2e00fe4\" data-element_type=\"container\">\n\t\t\t\t<div class=\"elementor-element elementor-element-fe3985c elementor-widget elementor-widget-text-editor\" data-id=\"fe3985c\" data-element_type=\"widget\" data-settings=\"{&quot;ekit_we_effect_on&quot;:&quot;none&quot;}\" data-widget_type=\"text-editor.default\">\n\t\t\t\t<div class=\"elementor-widget-container\">\n\t\t\t\t\t\t\t\t\t<p><strong>Prof. Tobias Kleinjung, docteur en m\u00e9decine<\/strong><\/p><ul><li>M\u00e9decin-chef de la clinique d&rsquo;oto-rhino-laryngologie et de chirurgie faciale, <br>H\u00f4pital universitaire de Zurich<\/li><li>Co-directeur de la recherche interdisciplinaire sur les acouph\u00e8nes \u00e0 Zurich<br><br><\/li><\/ul>\t\t\t\t\t\t\t\t<\/div>\n\t\t\t\t<\/div>\n\t\t\t\t<\/div>\n\t\t\t\t\t<\/div>\n\t\t\t\t<\/div>\n\t\t<div class=\"elementor-element elementor-element-51f3c84 e-flex e-con-boxed e-con e-parent\" data-id=\"51f3c84\" data-element_type=\"container\">\n\t\t\t\t\t<div class=\"e-con-inner\">\n\t\t\t\t<div class=\"elementor-element elementor-element-8384025 elementor-widget-divider--view-line elementor-widget elementor-widget-divider\" data-id=\"8384025\" data-element_type=\"widget\" data-settings=\"{&quot;ekit_we_effect_on&quot;:&quot;none&quot;}\" data-widget_type=\"divider.default\">\n\t\t\t\t<div class=\"elementor-widget-container\">\n\t\t\t\t\t\t\t<div class=\"elementor-divider\">\n\t\t\t<span class=\"elementor-divider-separator\">\n\t\t\t\t\t\t<\/span>\n\t\t<\/div>\n\t\t\t\t\t\t<\/div>\n\t\t\t\t<\/div>\n\t\t\t\t\t<\/div>\n\t\t\t\t<\/div>\n\t\t<div class=\"elementor-element elementor-element-c792064 e-flex e-con-boxed e-con e-parent\" data-id=\"c792064\" data-element_type=\"container\">\n\t\t\t\t\t<div class=\"e-con-inner\">\n\t\t<div class=\"elementor-element elementor-element-ba08db4 e-con-full e-flex e-con e-child\" data-id=\"ba08db4\" data-element_type=\"container\">\n\t\t\t\t<div class=\"elementor-element elementor-element-d130ec9 elementor-widget elementor-widget-image\" data-id=\"d130ec9\" data-element_type=\"widget\" data-settings=\"{&quot;ekit_we_effect_on&quot;:&quot;none&quot;}\" data-widget_type=\"image.default\">\n\t\t\t\t<div class=\"elementor-widget-container\">\n\t\t\t\t\t\t\t\t\t\t\t\t\t\t\t<img decoding=\"async\" width=\"168\" height=\"163\" src=\"https:\/\/tinnitus-liga.ch\/wp-content\/uploads\/2024\/01\/Martin-Meyer.jpg\" class=\"attachment-large size-large wp-image-695\" alt=\"\" \/>\t\t\t\t\t\t\t\t\t\t\t\t\t\t\t<\/div>\n\t\t\t\t<\/div>\n\t\t\t\t<\/div>\n\t\t<div class=\"elementor-element elementor-element-564b50c e-con-full e-flex e-con e-child\" data-id=\"564b50c\" data-element_type=\"container\">\n\t\t\t\t<div class=\"elementor-element elementor-element-d6968c5 elementor-widget elementor-widget-text-editor\" data-id=\"d6968c5\" data-element_type=\"widget\" data-settings=\"{&quot;ekit_we_effect_on&quot;:&quot;none&quot;}\" data-widget_type=\"text-editor.default\">\n\t\t\t\t<div class=\"elementor-widget-container\">\n\t\t\t\t\t\t\t\t\t<p><strong>Prof. Dr. rer. nat. Martin Meyer<\/strong><\/p><ul><li>Institut de linguistique compar\u00e9e, Universit\u00e9 de Zurich<\/li><li>Co-directeur de la recherche interdisciplinaire sur les acouph\u00e8nes \u00e0 Zurich<\/li><\/ul><div id=\"simple-translate\" class=\"simple-translate-system-theme\"><div><div class=\"simple-translate-button isShow\" style=\"background-image: url('moz-extension:\/\/1de944e8-2d51-4bb4-a0f2-225580f3ed5d\/icons\/512.png'); height: 22px; width: 22px; top: 46px; left: 13px;\"> <\/div><div class=\"simple-translate-panel \" style=\"width: 300px; height: 200px; top: 0px; left: 0px; font-size: 13px;\"><div class=\"simple-translate-result-wrapper\" style=\"overflow: hidden;\"><div class=\"simple-translate-move\" draggable=\"true\"> <\/div><div class=\"simple-translate-result-contents\"><p class=\"simple-translate-result\" dir=\"auto\"> <\/p><p class=\"simple-translate-candidate\" dir=\"auto\"> <\/p><\/div><\/div><\/div><\/div><\/div>\t\t\t\t\t\t\t\t<\/div>\n\t\t\t\t<\/div>\n\t\t\t\t<\/div>\n\t\t\t\t\t<\/div>\n\t\t\t\t<\/div>\n\t\t<div class=\"elementor-element elementor-element-9df4824 e-flex e-con-boxed e-con e-parent\" data-id=\"9df4824\" data-element_type=\"container\">\n\t\t\t\t\t<div class=\"e-con-inner\">\n\t\t\t\t<div class=\"elementor-element elementor-element-b9b0521 elementor-widget-divider--view-line elementor-widget elementor-widget-divider\" data-id=\"b9b0521\" data-element_type=\"widget\" data-settings=\"{&quot;ekit_we_effect_on&quot;:&quot;none&quot;}\" data-widget_type=\"divider.default\">\n\t\t\t\t<div class=\"elementor-widget-container\">\n\t\t\t\t\t\t\t<div class=\"elementor-divider\">\n\t\t\t<span class=\"elementor-divider-separator\">\n\t\t\t\t\t\t<\/span>\n\t\t<\/div>\n\t\t\t\t\t\t<\/div>\n\t\t\t\t<\/div>\n\t\t\t\t\t<\/div>\n\t\t\t\t<\/div>\n\t\t<div class=\"elementor-element elementor-element-1e3dd16 e-flex e-con-boxed e-con e-parent\" data-id=\"1e3dd16\" data-element_type=\"container\">\n\t\t\t\t\t<div class=\"e-con-inner\">\n\t\t<div class=\"elementor-element elementor-element-8ce9305 e-con-full e-flex e-con e-child\" data-id=\"8ce9305\" data-element_type=\"container\">\n\t\t\t\t<div class=\"elementor-element elementor-element-9f9d502 elementor-widget elementor-widget-image\" data-id=\"9f9d502\" data-element_type=\"widget\" data-settings=\"{&quot;ekit_we_effect_on&quot;:&quot;none&quot;}\" data-widget_type=\"image.default\">\n\t\t\t\t<div class=\"elementor-widget-container\">\n\t\t\t\t\t\t\t\t\t\t\t\t\t\t\t<img loading=\"lazy\" decoding=\"async\" width=\"168\" height=\"168\" src=\"https:\/\/tinnitus-liga.ch\/wp-content\/uploads\/2024\/01\/Antje-Welge-Luessen.jpg\" class=\"attachment-large size-large wp-image-691\" alt=\"\" srcset=\"https:\/\/tinnitus-liga.ch\/wp-content\/uploads\/2024\/01\/Antje-Welge-Luessen.jpg 168w, https:\/\/tinnitus-liga.ch\/wp-content\/uploads\/2024\/01\/Antje-Welge-Luessen-150x150.jpg 150w\" sizes=\"(max-width: 168px) 100vw, 168px\" \/>\t\t\t\t\t\t\t\t\t\t\t\t\t\t\t<\/div>\n\t\t\t\t<\/div>\n\t\t\t\t<\/div>\n\t\t<div class=\"elementor-element elementor-element-63d1f91 e-con-full e-flex e-con e-child\" data-id=\"63d1f91\" data-element_type=\"container\">\n\t\t\t\t<div class=\"elementor-element elementor-element-72bca78 elementor-widget elementor-widget-text-editor\" data-id=\"72bca78\" data-element_type=\"widget\" data-settings=\"{&quot;ekit_we_effect_on&quot;:&quot;none&quot;}\" data-widget_type=\"text-editor.default\">\n\t\t\t\t<div class=\"elementor-widget-container\">\n\t\t\t\t\t\t\t\t\t<p><strong>Prof Dr. med. Antje Welge-L\u00fcssen<\/strong><\/p><ul><li>M\u00e9decin-chef en otoneurologie et consultation sensorielle, Clinique ORL, H\u00f4pital universitaire de B\u00e2le<\/li><\/ul>\t\t\t\t\t\t\t\t<\/div>\n\t\t\t\t<\/div>\n\t\t\t\t<\/div>\n\t\t\t\t\t<\/div>\n\t\t\t\t<\/div>\n\t\t<div class=\"elementor-element elementor-element-a5870cb e-flex e-con-boxed e-con e-parent\" data-id=\"a5870cb\" data-element_type=\"container\">\n\t\t\t\t\t<div class=\"e-con-inner\">\n\t\t\t\t<div class=\"elementor-element elementor-element-458758b elementor-widget-divider--view-line elementor-widget elementor-widget-divider\" data-id=\"458758b\" data-element_type=\"widget\" data-settings=\"{&quot;ekit_we_effect_on&quot;:&quot;none&quot;}\" data-widget_type=\"divider.default\">\n\t\t\t\t<div class=\"elementor-widget-container\">\n\t\t\t\t\t\t\t<div class=\"elementor-divider\">\n\t\t\t<span class=\"elementor-divider-separator\">\n\t\t\t\t\t\t<\/span>\n\t\t<\/div>\n\t\t\t\t\t\t<\/div>\n\t\t\t\t<\/div>\n\t\t\t\t\t<\/div>\n\t\t\t\t<\/div>\n\t\t<div class=\"elementor-element elementor-element-90c1008 e-flex e-con-boxed e-con e-parent\" data-id=\"90c1008\" data-element_type=\"container\">\n\t\t\t\t\t<div class=\"e-con-inner\">\n\t\t<div class=\"elementor-element elementor-element-fd19a40 e-con-full e-flex e-con e-child\" data-id=\"fd19a40\" data-element_type=\"container\">\n\t\t\t\t<div class=\"elementor-element elementor-element-2a939ea elementor-widget elementor-widget-image\" data-id=\"2a939ea\" data-element_type=\"widget\" data-settings=\"{&quot;ekit_we_effect_on&quot;:&quot;none&quot;}\" data-widget_type=\"image.default\">\n\t\t\t\t<div class=\"elementor-widget-container\">\n\t\t\t\t\t\t\t\t\t\t\t\t\t\t\t<img loading=\"lazy\" decoding=\"async\" width=\"168\" height=\"206\" src=\"https:\/\/tinnitus-liga.ch\/wp-content\/uploads\/2024\/01\/Wilhelm-Wimmer.jpg\" class=\"attachment-large size-large wp-image-699\" alt=\"\" \/>\t\t\t\t\t\t\t\t\t\t\t\t\t\t\t<\/div>\n\t\t\t\t<\/div>\n\t\t\t\t<\/div>\n\t\t<div class=\"elementor-element elementor-element-305e28d e-con-full e-flex e-con e-child\" data-id=\"305e28d\" data-element_type=\"container\">\n\t\t\t\t<div class=\"elementor-element elementor-element-6dd01c2 elementor-widget elementor-widget-text-editor\" data-id=\"6dd01c2\" data-element_type=\"widget\" data-settings=\"{&quot;ekit_we_effect_on&quot;:&quot;none&quot;}\" data-widget_type=\"text-editor.default\">\n\t\t\t\t<div class=\"elementor-widget-container\">\n\t\t\t\t\t\t\t\t\t<p><strong>Prof. Dr Wilhelm Wimmer<\/strong><\/p><ul><li>Directeur du laboratoire de recherche \u00ab\u00a0Audiologie exp\u00e9rimentale\u00a0\u00bb, clinique ORL, TU Munich<\/li><\/ul>\t\t\t\t\t\t\t\t<\/div>\n\t\t\t\t<\/div>\n\t\t\t\t<\/div>\n\t\t\t\t\t<\/div>\n\t\t\t\t<\/div>\n\t\t<div class=\"elementor-element elementor-element-073b2e9 e-flex e-con-boxed e-con e-parent\" data-id=\"073b2e9\" data-element_type=\"container\">\n\t\t\t\t\t<div class=\"e-con-inner\">\n\t\t\t\t<div class=\"elementor-element elementor-element-2466470 elementor-widget-divider--view-line elementor-widget elementor-widget-divider\" data-id=\"2466470\" data-element_type=\"widget\" data-settings=\"{&quot;ekit_we_effect_on&quot;:&quot;none&quot;}\" data-widget_type=\"divider.default\">\n\t\t\t\t<div class=\"elementor-widget-container\">\n\t\t\t\t\t\t\t<div class=\"elementor-divider\">\n\t\t\t<span class=\"elementor-divider-separator\">\n\t\t\t\t\t\t<\/span>\n\t\t<\/div>\n\t\t\t\t\t\t<\/div>\n\t\t\t\t<\/div>\n\t\t\t\t\t<\/div>\n\t\t\t\t<\/div>\n\t\t\t\t<\/div>\n\t\t","protected":false},"excerpt":{"rendered":"<p>CONSEIL SCIENTIFIQUE CONSEIL SCIENTIFIQUE Prof. Dr Winfried Schlee (porte-parole) Professeur d&rsquo;informatique de gestion, Haute \u00e9cole sp\u00e9cialis\u00e9e de Suisse orientale Prof. Tobias Kleinjung, docteur en m\u00e9decine M\u00e9decin-chef de la clinique d&rsquo;oto-rhino-laryngologie et de chirurgie faciale, H\u00f4pital universitaire de Zurich Co-directeur de la recherche interdisciplinaire sur les acouph\u00e8nes \u00e0 Zurich Prof. Dr. rer. nat. Martin Meyer Institut [&hellip;]<\/p>\n","protected":false},"author":1,"featured_media":0,"parent":874,"menu_order":0,"comment_status":"closed","ping_status":"closed","template":"","meta":{"footnotes":""},"class_list":["post-718","page","type-page","status-publish","hentry"],"_links":{"self":[{"href":"https:\/\/tinnitus-liga.ch\/fr\/wp-json\/wp\/v2\/pages\/718","targetHints":{"allow":["GET"]}}],"collection":[{"href":"https:\/\/tinnitus-liga.ch\/fr\/wp-json\/wp\/v2\/pages"}],"about":[{"href":"https:\/\/tinnitus-liga.ch\/fr\/wp-json\/wp\/v2\/types\/page"}],"author":[{"embeddable":true,"href":"https:\/\/tinnitus-liga.ch\/fr\/wp-json\/wp\/v2\/users\/1"}],"replies":[{"embeddable":true,"href":"https:\/\/tinnitus-liga.ch\/fr\/wp-json\/wp\/v2\/comments?post=718"}],"version-history":[{"count":7,"href":"https:\/\/tinnitus-liga.ch\/fr\/wp-json\/wp\/v2\/pages\/718\/revisions"}],"predecessor-version":[{"id":3329,"href":"https:\/\/tinnitus-liga.ch\/fr\/wp-json\/wp\/v2\/pages\/718\/revisions\/3329"}],"up":[{"embeddable":true,"href":"https:\/\/tinnitus-liga.ch\/fr\/wp-json\/wp\/v2\/pages\/874"}],"wp:attachment":[{"href":"https:\/\/tinnitus-liga.ch\/fr\/wp-json\/wp\/v2\/media?parent=718"}],"curies":[{"name":"wp","href":"https:\/\/api.w.org\/{rel}","templated":true}]}}