{"id":754,"date":"2024-01-22T17:37:03","date_gmt":"2024-01-22T17:37:03","guid":{"rendered":"https:\/\/tinnitus-liga.ch\/charte\/"},"modified":"2024-01-25T14:04:28","modified_gmt":"2024-01-25T14:04:28","slug":"charte","status":"publish","type":"page","link":"https:\/\/tinnitus-liga.ch\/fr\/a-propos-de-nous\/charte\/","title":{"rendered":"Charte"},"content":{"rendered":"\t\t<div data-elementor-type=\"wp-page\" data-elementor-id=\"754\" class=\"elementor elementor-754 elementor-400\" data-elementor-post-type=\"page\">\n\t\t\t\t<div class=\"elementor-element elementor-element-303e8bf2 e-con-full e-flex e-con e-parent\" data-id=\"303e8bf2\" data-element_type=\"container\">\n\t\t\t\t<div class=\"elementor-element elementor-element-ba864e2 elementor--h-position-center elementor--v-position-middle elementor-arrows-position-inside elementor-pagination-position-inside elementor-widget elementor-widget-slides\" data-id=\"ba864e2\" data-element_type=\"widget\" data-settings=\"{&quot;navigation&quot;:&quot;both&quot;,&quot;autoplay&quot;:&quot;yes&quot;,&quot;pause_on_hover&quot;:&quot;yes&quot;,&quot;pause_on_interaction&quot;:&quot;yes&quot;,&quot;autoplay_speed&quot;:5000,&quot;infinite&quot;:&quot;yes&quot;,&quot;transition&quot;:&quot;slide&quot;,&quot;transition_speed&quot;:500,&quot;ekit_we_effect_on&quot;:&quot;none&quot;}\" data-widget_type=\"slides.default\">\n\t\t\t\t<div class=\"elementor-widget-container\">\n\t\t\t\t\t\t\t\t\t<div class=\"elementor-swiper\">\n\t\t\t\t\t<div class=\"elementor-slides-wrapper elementor-main-swiper swiper\" role=\"region\" aria-roledescription=\"carousel\" aria-label=\"Slides\" dir=\"ltr\" data-animation=\"fadeInUp\">\n\t\t\t\t<div class=\"swiper-wrapper elementor-slides\">\n\t\t\t\t\t\t\t\t\t\t<div class=\"elementor-repeater-item-64030ae swiper-slide\" role=\"group\" aria-roledescription=\"slide\"><div class=\"swiper-slide-bg\" role=\"img\" aria-label=\"1537192241\"><\/div><div class=\"swiper-slide-inner\" ><div class=\"swiper-slide-contents\"><div class=\"elementor-slide-heading\">LA CHARTE<\/div><\/div><\/div><\/div>\t\t\t\t<\/div>\n\t\t\t\t\t\t\t<\/div>\n\t\t\t\t<\/div>\n\t\t\t\t\t\t\t\t<\/div>\n\t\t\t\t<\/div>\n\t\t\t\t<\/div>\n\t\t<div class=\"elementor-element elementor-element-99e2ded e-flex e-con-boxed e-con e-parent\" data-id=\"99e2ded\" data-element_type=\"container\">\n\t\t\t\t\t<div class=\"e-con-inner\">\n\t\t\t\t<div class=\"elementor-element elementor-element-3829bf3 elementor-widget elementor-widget-spacer\" data-id=\"3829bf3\" data-element_type=\"widget\" data-settings=\"{&quot;ekit_we_effect_on&quot;:&quot;none&quot;}\" data-widget_type=\"spacer.default\">\n\t\t\t\t<div class=\"elementor-widget-container\">\n\t\t\t\t\t\t\t<div class=\"elementor-spacer\">\n\t\t\t<div class=\"elementor-spacer-inner\"><\/div>\n\t\t<\/div>\n\t\t\t\t\t\t<\/div>\n\t\t\t\t<\/div>\n\t\t\t\t\t<\/div>\n\t\t\t\t<\/div>\n\t\t<div class=\"elementor-element elementor-element-93ad360 e-flex e-con-boxed e-con e-parent\" data-id=\"93ad360\" data-element_type=\"container\">\n\t\t\t\t\t<div class=\"e-con-inner\">\n\t\t\t\t<div class=\"elementor-element elementor-element-237a114 elementor-widget elementor-widget-text-editor\" data-id=\"237a114\" data-element_type=\"widget\" data-settings=\"{&quot;ekit_we_effect_on&quot;:&quot;none&quot;}\" data-widget_type=\"text-editor.default\">\n\t\t\t\t<div class=\"elementor-widget-container\">\n\t\t\t\t\t\t\t\t\t<h1>LA CHARTE<\/h1>\n\t\t\t\t\t\t\t\t<\/div>\n\t\t\t\t<\/div>\n\t\t\t\t\t<\/div>\n\t\t\t\t<\/div>\n\t\t<div class=\"elementor-element elementor-element-2aa8b6e e-flex e-con-boxed e-con e-parent\" data-id=\"2aa8b6e\" data-element_type=\"container\">\n\t\t\t\t\t<div class=\"e-con-inner\">\n\t\t\t\t<div class=\"elementor-element elementor-element-8f9bcdd elementor-widget elementor-widget-text-editor\" data-id=\"8f9bcdd\" data-element_type=\"widget\" data-settings=\"{&quot;ekit_we_effect_on&quot;:&quot;none&quot;}\" data-widget_type=\"text-editor.default\">\n\t\t\t\t<div class=\"elementor-widget-container\">\n\t\t\t\t\t\t\t\t\t<p>  La Ligue suisse contre les acouph\u00e8nes (LSA) est une <strong>association d&rsquo;utilit\u00e9 publique<\/strong> regroupant des personnes qui souhaitent prendre en charge les personnes souffrant d&rsquo;acouph\u00e8nes.  <\/p>\n<p>   <\/p>\n<p>  Elle est plac\u00e9e sous le patronage de \u00ab\u00a0<strong>pro audito schweiz<\/strong>\u00ab\u00a0, l&rsquo;organisation pour les personnes souffrant de probl\u00e8mes auditifs.  <\/p>\n<p>   <\/p>\n<p>  La STL <strong>encourage<\/strong> entre autres la cr\u00e9ation de groupes d&rsquo;entraide dans toutes les r\u00e9gions du pays et transmet aux responsables des groupes, par le biais de ses s\u00e9minaires, des comp\u00e9tences pour faire face aux probl\u00e8mes rencontr\u00e9s.  <\/p>\n<p>   <\/p>\n<p>  Elle <strong>documente et informe<\/strong> sur les questions m\u00e9dicales, sociales et d&rsquo;assurance en rapport avec les acouph\u00e8nes.  <\/p>\n<p>   <\/p>\n<p>  Elle <strong>r\u00e9unit<\/strong> des patients, des m\u00e9decins et des th\u00e9rapeutes de diff\u00e9rents horizons dans un effort pour am\u00e9liorer les possibilit\u00e9s de traitement et elle s&rsquo;engage pour une recherche au service de l&rsquo;homme souffrant.  <\/p>\n<p>   <\/p>\n<p>  Votre adh\u00e9sion <strong>aide<\/strong> la STL \u00e0 faire face financi\u00e8rement \u00e0 ses t\u00e2ches, au-del\u00e0 du travail b\u00e9n\u00e9vole de ses comit\u00e9s.  <\/p>\n<p>   <\/p>\n<p>  Mais que vous <strong>apporte<\/strong> directement la cotisation de membre ?  <\/p>\n<p>   <\/p>\n<p>  La STL fournit <strong>des conseils personnalis\u00e9s<\/strong>. Elle <strong>organise<\/strong> au niveau national et dans les r\u00e9gions des \u00e9v\u00e9nements d&rsquo;information qui compl\u00e8tent les r\u00e9unions des groupes d&rsquo;entraide.  <\/p>\t\t\t\t\t\t\t\t<\/div>\n\t\t\t\t<\/div>\n\t\t\t\t\t<\/div>\n\t\t\t\t<\/div>\n\t\t\t\t<\/div>\n\t\t","protected":false},"excerpt":{"rendered":"<p>LA CHARTE LA CHARTE La Ligue suisse contre les acouph\u00e8nes (LSA) est une association d&rsquo;utilit\u00e9 publique regroupant des personnes qui souhaitent prendre en charge les personnes souffrant d&rsquo;acouph\u00e8nes. Elle est plac\u00e9e sous le patronage de \u00ab\u00a0pro audito schweiz\u00ab\u00a0, l&rsquo;organisation pour les personnes souffrant de probl\u00e8mes auditifs. La STL encourage entre autres la cr\u00e9ation de groupes [&hellip;]<\/p>\n","protected":false},"author":1,"featured_media":0,"parent":874,"menu_order":0,"comment_status":"closed","ping_status":"closed","template":"","meta":{"footnotes":""},"class_list":["post-754","page","type-page","status-publish","hentry"],"_links":{"self":[{"href":"https:\/\/tinnitus-liga.ch\/fr\/wp-json\/wp\/v2\/pages\/754","targetHints":{"allow":["GET"]}}],"collection":[{"href":"https:\/\/tinnitus-liga.ch\/fr\/wp-json\/wp\/v2\/pages"}],"about":[{"href":"https:\/\/tinnitus-liga.ch\/fr\/wp-json\/wp\/v2\/types\/page"}],"author":[{"embeddable":true,"href":"https:\/\/tinnitus-liga.ch\/fr\/wp-json\/wp\/v2\/users\/1"}],"replies":[{"embeddable":true,"href":"https:\/\/tinnitus-liga.ch\/fr\/wp-json\/wp\/v2\/comments?post=754"}],"version-history":[{"count":7,"href":"https:\/\/tinnitus-liga.ch\/fr\/wp-json\/wp\/v2\/pages\/754\/revisions"}],"predecessor-version":[{"id":1447,"href":"https:\/\/tinnitus-liga.ch\/fr\/wp-json\/wp\/v2\/pages\/754\/revisions\/1447"}],"up":[{"embeddable":true,"href":"https:\/\/tinnitus-liga.ch\/fr\/wp-json\/wp\/v2\/pages\/874"}],"wp:attachment":[{"href":"https:\/\/tinnitus-liga.ch\/fr\/wp-json\/wp\/v2\/media?parent=754"}],"curies":[{"name":"wp","href":"https:\/\/api.w.org\/{rel}","templated":true}]}}