{"id":770,"date":"2024-01-22T13:32:42","date_gmt":"2024-01-22T13:32:42","guid":{"rendered":"https:\/\/tinnitus-liga.ch\/acouphenes\/"},"modified":"2024-01-25T10:16:23","modified_gmt":"2024-01-25T10:16:23","slug":"acouphenes","status":"publish","type":"page","link":"https:\/\/tinnitus-liga.ch\/fr\/information\/acouphenes\/","title":{"rendered":"Acouph\u00e8nes"},"content":{"rendered":"\t\t<div data-elementor-type=\"wp-page\" data-elementor-id=\"770\" class=\"elementor elementor-770 elementor-200\" data-elementor-post-type=\"page\">\n\t\t\t\t<div class=\"elementor-element elementor-element-303e8bf2 e-con-full e-flex e-con e-parent\" data-id=\"303e8bf2\" data-element_type=\"container\">\n\t\t\t\t<div class=\"elementor-element elementor-element-ba864e2 elementor--h-position-center elementor--v-position-middle elementor-arrows-position-inside elementor-pagination-position-inside elementor-widget elementor-widget-slides\" data-id=\"ba864e2\" data-element_type=\"widget\" data-settings=\"{&quot;navigation&quot;:&quot;both&quot;,&quot;autoplay&quot;:&quot;yes&quot;,&quot;pause_on_hover&quot;:&quot;yes&quot;,&quot;pause_on_interaction&quot;:&quot;yes&quot;,&quot;autoplay_speed&quot;:5000,&quot;infinite&quot;:&quot;yes&quot;,&quot;transition&quot;:&quot;slide&quot;,&quot;transition_speed&quot;:500,&quot;ekit_we_effect_on&quot;:&quot;none&quot;}\" data-widget_type=\"slides.default\">\n\t\t\t\t<div class=\"elementor-widget-container\">\n\t\t\t\t\t\t\t\t\t<div class=\"elementor-swiper\">\n\t\t\t\t\t<div class=\"elementor-slides-wrapper elementor-main-swiper swiper\" role=\"region\" aria-roledescription=\"carousel\" aria-label=\"Slides\" dir=\"ltr\" data-animation=\"fadeInUp\">\n\t\t\t\t<div class=\"swiper-wrapper elementor-slides\">\n\t\t\t\t\t\t\t\t\t\t<div class=\"elementor-repeater-item-64030ae swiper-slide\" role=\"group\" aria-roledescription=\"slide\"><div class=\"swiper-slide-bg\" role=\"img\" aria-label=\"1537192241\"><\/div><div class=\"swiper-slide-inner\" ><div class=\"swiper-slide-contents\"><div class=\"elementor-slide-heading\">TINNITUS<\/div><\/div><\/div><\/div>\t\t\t\t<\/div>\n\t\t\t\t\t\t\t<\/div>\n\t\t\t\t<\/div>\n\t\t\t\t\t\t\t\t<\/div>\n\t\t\t\t<\/div>\n\t\t\t\t<\/div>\n\t\t<div class=\"elementor-element elementor-element-99e2ded e-flex e-con-boxed e-con e-parent\" data-id=\"99e2ded\" data-element_type=\"container\">\n\t\t\t\t\t<div class=\"e-con-inner\">\n\t\t\t\t<div class=\"elementor-element elementor-element-3829bf3 elementor-widget elementor-widget-spacer\" data-id=\"3829bf3\" data-element_type=\"widget\" data-settings=\"{&quot;ekit_we_effect_on&quot;:&quot;none&quot;}\" data-widget_type=\"spacer.default\">\n\t\t\t\t<div class=\"elementor-widget-container\">\n\t\t\t\t\t\t\t<div class=\"elementor-spacer\">\n\t\t\t<div class=\"elementor-spacer-inner\"><\/div>\n\t\t<\/div>\n\t\t\t\t\t\t<\/div>\n\t\t\t\t<\/div>\n\t\t\t\t\t<\/div>\n\t\t\t\t<\/div>\n\t\t<div class=\"elementor-element elementor-element-93ad360 e-flex e-con-boxed e-con e-parent\" data-id=\"93ad360\" data-element_type=\"container\">\n\t\t\t\t\t<div class=\"e-con-inner\">\n\t\t\t\t<div class=\"elementor-element elementor-element-237a114 elementor-widget elementor-widget-text-editor\" data-id=\"237a114\" data-element_type=\"widget\" data-settings=\"{&quot;ekit_we_effect_on&quot;:&quot;none&quot;}\" data-widget_type=\"text-editor.default\">\n\t\t\t\t<div class=\"elementor-widget-container\">\n\t\t\t\t\t\t\t\t\t<h1>TINNITUS<\/h1>\n\t\t\t\t\t\t\t\t<\/div>\n\t\t\t\t<\/div>\n\t\t\t\t\t<\/div>\n\t\t\t\t<\/div>\n\t\t<div class=\"elementor-element elementor-element-2aa8b6e e-flex e-con-boxed e-con e-parent\" data-id=\"2aa8b6e\" data-element_type=\"container\">\n\t\t\t\t\t<div class=\"e-con-inner\">\n\t\t\t\t<div class=\"elementor-element elementor-element-8f9bcdd elementor-widget elementor-widget-text-editor\" data-id=\"8f9bcdd\" data-element_type=\"widget\" data-settings=\"{&quot;ekit_we_effect_on&quot;:&quot;none&quot;}\" data-widget_type=\"text-editor.default\">\n\t\t\t\t<div class=\"elementor-widget-container\">\n\t\t\t\t\t\t\t\t\t<h2>J&rsquo;ai des acouph\u00e8nes &#8211; que puis-je faire ?<\/h2>\n<p>Tout acouph\u00e8ne de longue dur\u00e9e n\u00e9cessite un examen m\u00e9dical approfondi. Dans de rares cas, cela donne une cause organique d&rsquo;acouph\u00e8nes, mais toutes les causes graves rares doivent \u00eatre exclues. Il est important pour vous de savoir que les acouph\u00e8nes ne sont pas le signe d&rsquo;une maladie mena\u00e7ante.<\/p>\n<h2>Les acouph\u00e8nes sont-ils gu\u00e9rissables ?<\/h2>\n<p>Les acouph\u00e8nes aigus peuvent se r\u00e9sorber d&rsquo;eux-m\u00eames. Si le traitement est commenc\u00e9 rapidement, les chances de gu\u00e9rison sont augment\u00e9es d&rsquo;environ 20%. Une gu\u00e9rison durable d&rsquo;un acouph\u00e8ne chronique au sens d&rsquo;une suppression de l&rsquo;acouph\u00e8ne n&rsquo;est jusqu&rsquo;\u00e0 pr\u00e9sent pas possible &#8211; ni par des m\u00e9dicaments, ni par une op\u00e9ration ou des m\u00e9thodes de gu\u00e9rison alternatives, par exemple l&rsquo;acupuncture. L&rsquo;alternative est la gestion des acouph\u00e8nes, gr\u00e2ce \u00e0 laquelle vous pouvez retrouver la joie de vivre avec vos acouph\u00e8nes.<\/p>\n<h2>Les acouph\u00e8nes peuvent-ils devenir plus forts avec le temps ?<\/h2>\n<p>Non. L&rsquo;intensit\u00e9 sonore des acouph\u00e8nes se situe toujours entre 5 et 15 d\u00e9cibels au-dessus du seuil d&rsquo;audition de la personne concern\u00e9e. Certains amplificateurs peuvent faire para\u00eetre le bruit de l&rsquo;oreille plus fort dans la perception subjective. En font partie : le stress n\u00e9gatif, la fatigue, le bruit, les maux de dos, les probl\u00e8mes d&rsquo;articulation de la m\u00e2choire.<\/p>\n<h2>Que signifie l&rsquo;hyperacousie ?<\/h2>\n<p>Si une personne r\u00e9agit de mani\u00e8re hypersensible \u00e0 des bruits relativement faibles, on parle d&rsquo;hyperacousie. Comme les acouph\u00e8nes, elle r\u00e9sulte de troubles du traitement central des signaux sonores. Les bruits per\u00e7us comme trop forts provoquent des sympt\u00f4mes v\u00e9g\u00e9tatifs : tachycardie, transpiration, panique, peur. Les \u00e9ventuels bruits d&rsquo;oreille peuvent alors \u00eatre momentan\u00e9ment amplifi\u00e9s.<\/p>\n<h2>Qu&rsquo;est-ce que les acouph\u00e8nes ?<\/h2>\n<p>Les acouph\u00e8nes (bourdonnements d&rsquo;oreille) sont une perception acoustique sans source sonore ext\u00e9rieure. On distingue &#8211; les acouph\u00e8nes objectifs &#8211; la source sonore (par exemple le flux sanguin en cas d&rsquo;anomalie vasculaire) est \u00e0 l&rsquo;int\u00e9rieur du corps et &#8211; les acouph\u00e8nes subjectifs &#8211; seule la personne concern\u00e9e peut percevoir les bruits d&rsquo;oreille, car il n&rsquo;y a pas de source sonore.<\/p>\n<h2>Que faire en cas d&rsquo;acouph\u00e8nes aigus ?<\/h2>\n<p>Gardez votre calme et faites une bonne nuit de sommeil. Si les acouph\u00e8nes sont encore pr\u00e9sents le lendemain matin, vous devez vous rendre le plus rapidement possible chez votre m\u00e9decin g\u00e9n\u00e9raliste ou votre m\u00e9decin ORL.<\/p>\n<p>Selon les connaissances actuelles, les acouph\u00e8nes aigus seront trait\u00e9s comme une surdit\u00e9 brusque. Il est judicieux de soutenir le processus de gu\u00e9rison par le repos et la d\u00e9tente. En outre, votre m\u00e9decin ORL lancera un diagnostic.<\/p>\n<h2>Que faire en cas d&rsquo;acouph\u00e8nes chroniques ?<\/h2>\n<p>Si les acouph\u00e8nes aigus ne disparaissent pas, on parle d&rsquo;acouph\u00e8nes chroniques. 90% des personnes souffrant d&rsquo;acouph\u00e8nes peuvent bien vivre avec leurs acouph\u00e8nes. Un traitement n&rsquo;est pas n\u00e9cessaire.<\/p>\n<p>Ce n&rsquo;est que lorsque vos bourdonnements d&rsquo;oreille affectent consid\u00e9rablement votre qualit\u00e9 de vie qu&rsquo;un traitement au sens d&rsquo;une gestion individuelle des acouph\u00e8nes s&rsquo;impose. L&rsquo;objectif est de pouvoir \u00e0 nouveau profiter de votre vie professionnelle et familiale avec vos acouph\u00e8nes.<\/p>\n<p>Gr\u00e2ce \u00e0 l&rsquo;\u00e9ducation et \u00e0 l&rsquo;auto-assistance, les acouph\u00e8nes perdent de leur efficacit\u00e9. Les groupes d&rsquo;entraide de la STL et les \u00e9quipes de traitement compos\u00e9es d&rsquo;un m\u00e9decin ORL, d&rsquo;un psychoth\u00e9rapeute, d&rsquo;un audioth\u00e9rapeute et d&rsquo;un audioproth\u00e9siste vous soutiennent dans cette d\u00e9marche. Pour conna\u00eetre les adresses, contactez la STL.<\/p>\n<h2>Quelles sont les causes des acouph\u00e8nes ?<\/h2>\n<p>Les causes des bourdonnements d&rsquo;oreille subjectifs sont encore inconnues. Les acouph\u00e8nes peuvent \u00eatre d\u00e9clench\u00e9s par une exposition permanente ou soudaine au bruit, par une surdit\u00e9 brusque, par des maladies virales ou par la maladie de M\u00e9ni\u00e8re. Le stress est souvent \u00e0 l&rsquo;origine des acouph\u00e8nes. Il est rare que les acouph\u00e8nes soient le sympt\u00f4me d&rsquo;un trouble organique de la voie auditive centrale. Les probl\u00e8mes de la colonne cervicale ou de la zone dento-maxillaire peuvent \u00eatre des causes d\u00e9clenchantes ou aggravantes.<\/p>\n<h2>Comment savoir quel traitement ou quelle aide est le mieux adapt\u00e9 \u00e0 votre cas ?<\/h2>\n<p>N&rsquo;essayez pas d&rsquo;aller de m\u00e9decin en m\u00e9decin et de th\u00e9rapeute en th\u00e9rapeute dans l&rsquo;espoir de trouver quelqu&rsquo;un qui pourra peut-\u00eatre vous d\u00e9barrasser de vos acouph\u00e8nes. Aucun acouph\u00e8ne n&rsquo;est identique \u00e0 un autre. C&rsquo;est pourquoi il n&rsquo;existe pas de traitement sch\u00e9matique, et encore moins de m\u00e9dicament g\u00e9n\u00e9ralement efficace contre les acouph\u00e8nes. Parmi les innombrables m\u00e9thodes de traitement propos\u00e9es, il existe certes des rapports de r\u00e9ussite isol\u00e9s, mais aucune m\u00e9thode de traitement, m\u00e9dicale ou non, ne peut pr\u00e9tendre \u00eatre efficace pour tous les malades souffrant d&rsquo;acouph\u00e8nes.<\/p>\n<h2>Comment traiter l&rsquo;hyperacousie ?<\/h2>\n<p>Comme pour les acouph\u00e8nes chroniques, le traitement est une th\u00e9rapie d&rsquo;adaptation &#8211; \u00e0 une diff\u00e9rence pr\u00e8s : les bruits, par exemple lors du r\u00e9glage des g\u00e9n\u00e9rateurs de bruit ou de l&rsquo;audioth\u00e9rapie, sont dos\u00e9s avec beaucoup plus de pr\u00e9caution. Le patient ne doit toutefois utiliser des protections auditives qu&rsquo;en cas de bruit.<\/p>\n<p>Apr\u00e8s quelques mois seulement, la plupart des personnes concern\u00e9es peuvent \u00e0 nouveau s&rsquo;exposer aux bruits normaux de l&rsquo;environnement et m\u00eame assister \u00e0 un concert.<\/p>\n\t\t\t\t\t\t\t\t<\/div>\n\t\t\t\t<\/div>\n\t\t\t\t\t<\/div>\n\t\t\t\t<\/div>\n\t\t\t\t<\/div>\n\t\t","protected":false},"excerpt":{"rendered":"<p>TINNITUS TINNITUS J&rsquo;ai des acouph\u00e8nes &#8211; que puis-je faire ? Tout acouph\u00e8ne de longue dur\u00e9e n\u00e9cessite un examen m\u00e9dical approfondi. Dans de rares cas, cela donne une cause organique d&rsquo;acouph\u00e8nes, mais toutes les causes graves rares doivent \u00eatre exclues. Il est important pour vous de savoir que les acouph\u00e8nes ne sont pas le signe d&rsquo;une [&hellip;]<\/p>\n","protected":false},"author":1,"featured_media":0,"parent":756,"menu_order":0,"comment_status":"closed","ping_status":"closed","template":"","meta":{"footnotes":""},"class_list":["post-770","page","type-page","status-publish","hentry"],"_links":{"self":[{"href":"https:\/\/tinnitus-liga.ch\/fr\/wp-json\/wp\/v2\/pages\/770","targetHints":{"allow":["GET"]}}],"collection":[{"href":"https:\/\/tinnitus-liga.ch\/fr\/wp-json\/wp\/v2\/pages"}],"about":[{"href":"https:\/\/tinnitus-liga.ch\/fr\/wp-json\/wp\/v2\/types\/page"}],"author":[{"embeddable":true,"href":"https:\/\/tinnitus-liga.ch\/fr\/wp-json\/wp\/v2\/users\/1"}],"replies":[{"embeddable":true,"href":"https:\/\/tinnitus-liga.ch\/fr\/wp-json\/wp\/v2\/comments?post=770"}],"version-history":[{"count":3,"href":"https:\/\/tinnitus-liga.ch\/fr\/wp-json\/wp\/v2\/pages\/770\/revisions"}],"predecessor-version":[{"id":1351,"href":"https:\/\/tinnitus-liga.ch\/fr\/wp-json\/wp\/v2\/pages\/770\/revisions\/1351"}],"up":[{"embeddable":true,"href":"https:\/\/tinnitus-liga.ch\/fr\/wp-json\/wp\/v2\/pages\/756"}],"wp:attachment":[{"href":"https:\/\/tinnitus-liga.ch\/fr\/wp-json\/wp\/v2\/media?parent=770"}],"curies":[{"name":"wp","href":"https:\/\/api.w.org\/{rel}","templated":true}]}}