{"id":779,"date":"2024-01-22T18:01:17","date_gmt":"2024-01-22T18:01:17","guid":{"rendered":"https:\/\/tinnitus-liga.ch\/mentions-legales\/"},"modified":"2024-02-15T16:17:26","modified_gmt":"2024-02-15T16:17:26","slug":"mentions-legales","status":"publish","type":"page","link":"https:\/\/tinnitus-liga.ch\/fr\/mentions-legales\/","title":{"rendered":"Mentions l\u00e9gales"},"content":{"rendered":"\t\t<div data-elementor-type=\"wp-page\" data-elementor-id=\"779\" class=\"elementor elementor-779 elementor-410\" data-elementor-post-type=\"page\">\n\t\t\t\t<div class=\"elementor-element elementor-element-303e8bf2 e-con-full e-flex e-con e-parent\" data-id=\"303e8bf2\" data-element_type=\"container\">\n\t\t\t\t<div class=\"elementor-element elementor-element-ba864e2 elementor--h-position-center elementor--v-position-middle elementor-arrows-position-inside elementor-pagination-position-inside elementor-widget elementor-widget-slides\" data-id=\"ba864e2\" data-element_type=\"widget\" data-settings=\"{&quot;navigation&quot;:&quot;both&quot;,&quot;autoplay&quot;:&quot;yes&quot;,&quot;pause_on_hover&quot;:&quot;yes&quot;,&quot;pause_on_interaction&quot;:&quot;yes&quot;,&quot;autoplay_speed&quot;:5000,&quot;infinite&quot;:&quot;yes&quot;,&quot;transition&quot;:&quot;slide&quot;,&quot;transition_speed&quot;:500,&quot;ekit_we_effect_on&quot;:&quot;none&quot;}\" data-widget_type=\"slides.default\">\n\t\t\t\t<div class=\"elementor-widget-container\">\n\t\t\t\t\t\t\t\t\t<div class=\"elementor-swiper\">\n\t\t\t\t\t<div class=\"elementor-slides-wrapper elementor-main-swiper swiper\" role=\"region\" aria-roledescription=\"carousel\" aria-label=\"Slides\" dir=\"ltr\" data-animation=\"fadeInUp\">\n\t\t\t\t<div class=\"swiper-wrapper elementor-slides\">\n\t\t\t\t\t\t\t\t\t\t<div class=\"elementor-repeater-item-64030ae swiper-slide\" role=\"group\" aria-roledescription=\"slide\"><div class=\"swiper-slide-bg\" role=\"img\" aria-label=\"12edc073-4e47-4b5e-8908-ac1eeec85cd1\"><\/div><div class=\"swiper-slide-inner\" ><div class=\"swiper-slide-contents\"><div class=\"elementor-slide-heading\">IMPRESSUM<\/div><\/div><\/div><\/div>\t\t\t\t<\/div>\n\t\t\t\t\t\t\t<\/div>\n\t\t\t\t<\/div>\n\t\t\t\t\t\t\t\t<\/div>\n\t\t\t\t<\/div>\n\t\t\t\t<\/div>\n\t\t<div class=\"elementor-element elementor-element-99e2ded e-flex e-con-boxed e-con e-parent\" data-id=\"99e2ded\" data-element_type=\"container\">\n\t\t\t\t\t<div class=\"e-con-inner\">\n\t\t\t\t<div class=\"elementor-element elementor-element-3829bf3 elementor-widget elementor-widget-spacer\" data-id=\"3829bf3\" data-element_type=\"widget\" data-settings=\"{&quot;ekit_we_effect_on&quot;:&quot;none&quot;}\" data-widget_type=\"spacer.default\">\n\t\t\t\t<div class=\"elementor-widget-container\">\n\t\t\t\t\t\t\t<div class=\"elementor-spacer\">\n\t\t\t<div class=\"elementor-spacer-inner\"><\/div>\n\t\t<\/div>\n\t\t\t\t\t\t<\/div>\n\t\t\t\t<\/div>\n\t\t\t\t\t<\/div>\n\t\t\t\t<\/div>\n\t\t<div class=\"elementor-element elementor-element-93ad360 e-flex e-con-boxed e-con e-parent\" data-id=\"93ad360\" data-element_type=\"container\">\n\t\t\t\t\t<div class=\"e-con-inner\">\n\t\t\t\t<div class=\"elementor-element elementor-element-237a114 elementor-widget elementor-widget-text-editor\" data-id=\"237a114\" data-element_type=\"widget\" data-settings=\"{&quot;ekit_we_effect_on&quot;:&quot;none&quot;}\" data-widget_type=\"text-editor.default\">\n\t\t\t\t<div class=\"elementor-widget-container\">\n\t\t\t\t\t\t\t\t\t<h1>IMPRESSUM<\/h1>\n\t\t\t\t\t\t\t\t<\/div>\n\t\t\t\t<\/div>\n\t\t\t\t\t<\/div>\n\t\t\t\t<\/div>\n\t\t<div class=\"elementor-element elementor-element-91f08a9 e-flex e-con-boxed e-con e-parent\" data-id=\"91f08a9\" data-element_type=\"container\">\n\t\t\t\t\t<div class=\"e-con-inner\">\n\t\t\t\t<div class=\"elementor-element elementor-element-bfa3ae6 elementor-widget elementor-widget-text-editor\" data-id=\"bfa3ae6\" data-element_type=\"widget\" data-settings=\"{&quot;ekit_we_effect_on&quot;:&quot;none&quot;}\" data-widget_type=\"text-editor.default\">\n\t\t\t\t<div class=\"elementor-widget-container\">\n\t\t\t\t\t\t\t\t\t<div id=\"cc-matrix-3109922874\">\n<div id=\"cc-m-11242399874\" class=\"j-module n j-text \">\n\nLigue suisse contre les acouph\u00e8nes (LSA)\nThermenstrasse 5\n4310 Rheinfelden\n\nT\u00e9l\u00e9phone :\n061 833 03 45<strong>\n<\/strong>\nCourrier \u00e9lectronique :<strong>\n<\/strong><a title=\"info@tinnitus-liga.ch\" href=\"mailto:info@tinnitus-liga.ch\" target=\"_blank\" rel=\"noopener\">info@tinnitus-liga.ch<\/a>\n\n<\/div>\n<\/div>\nConception de sites web :\n<a href=\"https:\/\/openagentur.ch\" target=\"_blank\" rel=\"noopener\">Openagentur GmbH<\/a>\nAncienne rue 8\nCH-7430 Thusis\n\nT\u00e9l\u00e9phone :\nG 081 651 50 55\n\nImages :\n<a href=\"https:\/\/de.freepik.com\/fotos-kostenlos\/teamwork-konzepte_1236188.htm#query=team&amp;position=6&amp;from_view=search&amp;track=sph&amp;uuid=28f2d86b-49ac-4996-971c-502cd3d328b4\">Image de ijeab<\/a> sur Freepik\nImage de <a href=\"https:\/\/de.freepik.com\/fotos-kostenlos\/person-mit-hoerproblemen_36233581.htm#query=ohr%20lautst%C3%A4rke&amp;position=11&amp;from_view=search&amp;track=ais&amp;uuid=95fd8f34-ecae-4010-bdea-5d9b7e799c1e\">Freepik<\/a>\n<h2><\/h2>\n<h2>Clause de non-responsabilit\u00e9<\/h2>\n<h3>Responsabilit\u00e9 du contenu<\/h3>\nLes informations contenues sur ce site web sont fournies \u00e0 titre d&rsquo;information g\u00e9n\u00e9rale uniquement et ne constituent pas un conseil juridique. Nous ne garantissons pas l&rsquo;actualit\u00e9, l&rsquo;exactitude, l&rsquo;exhaustivit\u00e9 ou la qualit\u00e9 des informations mises \u00e0 disposition. Toute action que vous entreprenez sur la base des informations contenues sur ce site web se fait \u00e0 vos propres risques.\n<h3>Responsabilit\u00e9 pour les liens<\/h3>\nCe site web contient des liens vers des sites web externes de tiers. Nous n&rsquo;assumons aucune responsabilit\u00e9 pour le contenu des liens externes. Seuls les exploitants de ces sites sont responsables de leur contenu. Nous n&rsquo;avons aucune influence sur le contenu et la conception de ces pages li\u00e9es et nous nous distan\u00e7ons express\u00e9ment d&rsquo;\u00e9ventuels contenus ill\u00e9gaux.\n<h3>Droit d&rsquo;auteur<\/h3>\nLes contenus et \u0153uvres publi\u00e9s sur ce site web sont soumis au droit d&rsquo;auteur suisse. La reproduction, le traitement, la diffusion et toute forme d&rsquo;exploitation en dehors des limites du droit d&rsquo;auteur requi\u00e8rent l&rsquo;accord \u00e9crit de l&rsquo;auteur ou du cr\u00e9ateur concern\u00e9. Les t\u00e9l\u00e9chargements et les copies de cette page ne sont autoris\u00e9s que pour un usage priv\u00e9 et non commercial.\n<h3>Protection des donn\u00e9es<\/h3>\nVous trouverez des informations sur la protection des donn\u00e9es dans notre <a href=\"https:\/\/tinnitus-liga.ch\/fr\/protection-des-donnees\/\">d\u00e9claration de confidentialit\u00e9<\/a>.\n<h3>Modifications de la clause de non-responsabilit\u00e9<\/h3>\nNous nous r\u00e9servons le droit de modifier ou de mettre \u00e0 jour cette clause de non-responsabilit\u00e9 \u00e0 tout moment. Il est de votre responsabilit\u00e9 de v\u00e9rifier r\u00e9guli\u00e8rement cette clause de non-responsabilit\u00e9 afin de vous tenir inform\u00e9 de toute modification.\n<h3>Efficacit\u00e9 juridique<\/h3>\nSi certaines dispositions de la pr\u00e9sente clause de non-responsabilit\u00e9 sont ou deviennent caduques, la validit\u00e9 des autres dispositions n&rsquo;en est pas affect\u00e9e.\t\t\t\t\t\t\t\t<\/div>\n\t\t\t\t<\/div>\n\t\t\t\t\t<\/div>\n\t\t\t\t<\/div>\n\t\t<div class=\"elementor-element elementor-element-2aa8b6e e-flex e-con-boxed e-con e-parent\" data-id=\"2aa8b6e\" data-element_type=\"container\">\n\t\t\t\t\t<div class=\"e-con-inner\">\n\t\t\t\t<div class=\"elementor-element elementor-element-8f9bcdd elementor-widget elementor-widget-text-editor\" data-id=\"8f9bcdd\" data-element_type=\"widget\" data-settings=\"{&quot;ekit_we_effect_on&quot;:&quot;none&quot;}\" data-widget_type=\"text-editor.default\">\n\t\t\t\t<div class=\"elementor-widget-container\">\n\t\t\t\t\t\t\t\t\t<p><a href=\"https:\/\/de.freepik.com\/fotos-kostenlos\/teamwork-konzepte_1236188.htm#query=team&amp;position=6&amp;from_view=search&amp;track=sph&amp;uuid=28f2d86b-49ac-4996-971c-502cd3d328b4\">Image de ijeab<\/a> sur Freepik<br \/><a href=\"https:\/\/de.freepik.com\/fotos-kostenlos\/ginkgo-biloba-blaetter_1118676.htm#query=Ginkgo%20biloba&amp;position=2&amp;from_view=search&amp;track=ais&amp;uuid=0dc6fe42-903d-445f-94d7-73a7cf5396d9\">Image de ilovehz<\/a> sur Freepik<\/p>\n\t\t\t\t\t\t\t\t<\/div>\n\t\t\t\t<\/div>\n\t\t\t\t\t<\/div>\n\t\t\t\t<\/div>\n\t\t\t\t<\/div>\n\t\t","protected":false},"excerpt":{"rendered":"<p>IMPRESSUM IMPRESSUM Ligue suisse contre les acouph\u00e8nes (LSA) Thermenstrasse 5 4310 Rheinfelden T\u00e9l\u00e9phone : 061 833 03 45 Courrier \u00e9lectronique : info@tinnitus-liga.ch Conception de sites web : Openagentur GmbH Ancienne rue 8 CH-7430 Thusis T\u00e9l\u00e9phone : G 081 651 50 55 Images : Image de ijeab sur Freepik Image de Freepik Clause de non-responsabilit\u00e9 Responsabilit\u00e9 [&hellip;]<\/p>\n","protected":false},"author":1,"featured_media":0,"parent":0,"menu_order":0,"comment_status":"closed","ping_status":"closed","template":"","meta":{"footnotes":""},"class_list":["post-779","page","type-page","status-publish","hentry"],"_links":{"self":[{"href":"https:\/\/tinnitus-liga.ch\/fr\/wp-json\/wp\/v2\/pages\/779","targetHints":{"allow":["GET"]}}],"collection":[{"href":"https:\/\/tinnitus-liga.ch\/fr\/wp-json\/wp\/v2\/pages"}],"about":[{"href":"https:\/\/tinnitus-liga.ch\/fr\/wp-json\/wp\/v2\/types\/page"}],"author":[{"embeddable":true,"href":"https:\/\/tinnitus-liga.ch\/fr\/wp-json\/wp\/v2\/users\/1"}],"replies":[{"embeddable":true,"href":"https:\/\/tinnitus-liga.ch\/fr\/wp-json\/wp\/v2\/comments?post=779"}],"version-history":[{"count":5,"href":"https:\/\/tinnitus-liga.ch\/fr\/wp-json\/wp\/v2\/pages\/779\/revisions"}],"predecessor-version":[{"id":1862,"href":"https:\/\/tinnitus-liga.ch\/fr\/wp-json\/wp\/v2\/pages\/779\/revisions\/1862"}],"wp:attachment":[{"href":"https:\/\/tinnitus-liga.ch\/fr\/wp-json\/wp\/v2\/media?parent=779"}],"curies":[{"name":"wp","href":"https:\/\/api.w.org\/{rel}","templated":true}]}}