{"id":817,"date":"2024-01-23T10:13:28","date_gmt":"2024-01-23T10:13:28","guid":{"rendered":"https:\/\/tinnitus-liga.ch\/protection-des-donnees\/"},"modified":"2024-01-25T10:10:39","modified_gmt":"2024-01-25T10:10:39","slug":"protection-des-donnees","status":"publish","type":"page","link":"https:\/\/tinnitus-liga.ch\/fr\/protection-des-donnees\/","title":{"rendered":"Protection des donn\u00e9es"},"content":{"rendered":"\t\t<div data-elementor-type=\"wp-page\" data-elementor-id=\"817\" class=\"elementor elementor-817 elementor-559\" data-elementor-post-type=\"page\">\n\t\t\t\t<div class=\"elementor-element elementor-element-303e8bf2 e-con-full e-flex e-con e-parent\" data-id=\"303e8bf2\" data-element_type=\"container\">\n\t\t\t\t<div class=\"elementor-element elementor-element-ba864e2 elementor--h-position-center elementor--v-position-middle elementor-arrows-position-inside elementor-pagination-position-inside elementor-widget elementor-widget-slides\" data-id=\"ba864e2\" data-element_type=\"widget\" data-settings=\"{&quot;navigation&quot;:&quot;both&quot;,&quot;autoplay&quot;:&quot;yes&quot;,&quot;pause_on_hover&quot;:&quot;yes&quot;,&quot;pause_on_interaction&quot;:&quot;yes&quot;,&quot;autoplay_speed&quot;:5000,&quot;infinite&quot;:&quot;yes&quot;,&quot;transition&quot;:&quot;slide&quot;,&quot;transition_speed&quot;:500,&quot;ekit_we_effect_on&quot;:&quot;none&quot;}\" data-widget_type=\"slides.default\">\n\t\t\t\t<div class=\"elementor-widget-container\">\n\t\t\t\t\t\t\t\t\t<div class=\"elementor-swiper\">\n\t\t\t\t\t<div class=\"elementor-slides-wrapper elementor-main-swiper swiper\" role=\"region\" aria-roledescription=\"carousel\" aria-label=\"Slides\" dir=\"ltr\" data-animation=\"fadeInUp\">\n\t\t\t\t<div class=\"swiper-wrapper elementor-slides\">\n\t\t\t\t\t\t\t\t\t\t<div class=\"elementor-repeater-item-64030ae swiper-slide\" role=\"group\" aria-roledescription=\"slide\"><div class=\"swiper-slide-bg\" role=\"img\" aria-label=\"1537192216\"><\/div><div class=\"swiper-slide-inner\" ><div class=\"swiper-slide-contents\"><div class=\"elementor-slide-heading\">PROTECTION DE LA VIE PRIV\u00c9E<\/div><\/div><\/div><\/div>\t\t\t\t<\/div>\n\t\t\t\t\t\t\t<\/div>\n\t\t\t\t<\/div>\n\t\t\t\t\t\t\t\t<\/div>\n\t\t\t\t<\/div>\n\t\t\t\t<\/div>\n\t\t<div class=\"elementor-element elementor-element-99e2ded e-flex e-con-boxed e-con e-parent\" data-id=\"99e2ded\" data-element_type=\"container\">\n\t\t\t\t\t<div class=\"e-con-inner\">\n\t\t\t\t<div class=\"elementor-element elementor-element-3829bf3 elementor-widget elementor-widget-spacer\" data-id=\"3829bf3\" data-element_type=\"widget\" data-settings=\"{&quot;ekit_we_effect_on&quot;:&quot;none&quot;}\" data-widget_type=\"spacer.default\">\n\t\t\t\t<div class=\"elementor-widget-container\">\n\t\t\t\t\t\t\t<div class=\"elementor-spacer\">\n\t\t\t<div class=\"elementor-spacer-inner\"><\/div>\n\t\t<\/div>\n\t\t\t\t\t\t<\/div>\n\t\t\t\t<\/div>\n\t\t\t\t\t<\/div>\n\t\t\t\t<\/div>\n\t\t<div class=\"elementor-element elementor-element-93ad360 e-flex e-con-boxed e-con e-parent\" data-id=\"93ad360\" data-element_type=\"container\">\n\t\t\t\t\t<div class=\"e-con-inner\">\n\t\t\t\t<div class=\"elementor-element elementor-element-237a114 elementor-widget elementor-widget-text-editor\" data-id=\"237a114\" data-element_type=\"widget\" data-settings=\"{&quot;ekit_we_effect_on&quot;:&quot;none&quot;}\" data-widget_type=\"text-editor.default\">\n\t\t\t\t<div class=\"elementor-widget-container\">\n\t\t\t\t\t\t\t\t\t<h1>PROTECTION DE LA VIE PRIV\u00c9E<\/h1>\n\t\t\t\t\t\t\t\t<\/div>\n\t\t\t\t<\/div>\n\t\t\t\t\t<\/div>\n\t\t\t\t<\/div>\n\t\t<div class=\"elementor-element elementor-element-2aa8b6e e-flex e-con-boxed e-con e-parent\" data-id=\"2aa8b6e\" data-element_type=\"container\">\n\t\t\t\t\t<div class=\"e-con-inner\">\n\t\t\t\t<div class=\"elementor-element elementor-element-8f9bcdd elementor-widget elementor-widget-text-editor\" data-id=\"8f9bcdd\" data-element_type=\"widget\" data-settings=\"{&quot;ekit_we_effect_on&quot;:&quot;none&quot;}\" data-widget_type=\"text-editor.default\">\n\t\t\t\t<div class=\"elementor-widget-container\">\n\t\t\t\t\t\t\t\t\t<h2>Remarques sur le traitement des donn\u00e9es en relation avec Google Analytics<\/h2>\n<p>Ce site utilise Google Analytics, un service d&rsquo;analyse de site internet fourni par Google Ireland Limited. Si le responsable du traitement des donn\u00e9es sur ce site web est situ\u00e9 en dehors de l&rsquo;Espace \u00e9conomique europ\u00e9en ou de la Suisse, le traitement des donn\u00e9es Google Analytics est effectu\u00e9 par Google LLC. Google LLC et Google Ireland Limited sont ci-apr\u00e8s d\u00e9nomm\u00e9s \u00ab\u00a0Google\u00a0\u00bb.<\/p>\n<p>Google Analytics utilise des \u00ab\u00a0cookies\u00a0\u00bb, des fichiers texte qui sont enregistr\u00e9s sur l&rsquo;ordinateur du visiteur du site et qui permettent d&rsquo;analyser l&rsquo;utilisation du site par le visiteur du site. Les informations g\u00e9n\u00e9r\u00e9es par le cookie concernant l&rsquo;utilisation de ce site web par le visiteur de la page (y compris l&rsquo;adresse IP abr\u00e9g\u00e9e) sont g\u00e9n\u00e9ralement transmises \u00e0 un serveur de Google et y sont enregistr\u00e9es.<\/p>\n<p>Google Analytics est utilis\u00e9 exclusivement avec l&rsquo;extension \u00ab\u00a0_anonymizeIp()\u00a0\u00bb sur ce site. Cette extension garantit l&rsquo;anonymisation de l&rsquo;adresse IP en la raccourcissant et exclut tout lien direct avec une personne. Gr\u00e2ce \u00e0 l&rsquo;extension, l&rsquo;adresse IP de Google est raccourcie au pr\u00e9alable dans les \u00c9tats membres de l&rsquo;Union europ\u00e9enne ou dans d&rsquo;autres \u00c9tats parties \u00e0 l&rsquo;accord sur l&rsquo;Espace \u00e9conomique europ\u00e9en. Ce n&rsquo;est que dans des cas exceptionnels que l&rsquo;adresse IP compl\u00e8te est transmise \u00e0 un serveur de Google aux \u00c9tats-Unis et y est raccourcie. L&rsquo;adresse IP transmise par le navigateur concern\u00e9 dans le cadre de Google Analytics n&rsquo;est pas recoup\u00e9e avec d&rsquo;autres donn\u00e9es de Google.<\/p>\n<p>Google utilisera les informations recueillies pour le compte de l&rsquo;exploitant du site afin d&rsquo;\u00e9valuer l&rsquo;utilisation du site, de compiler des rapports sur l&rsquo;activit\u00e9 du site et de fournir \u00e0 l&rsquo;exploitant du site d&rsquo;autres services li\u00e9s \u00e0 l&rsquo;activit\u00e9 du site et \u00e0 l&rsquo;utilisation d&rsquo;Internet (article 6, paragraphe 1, point f du RGPD). L&rsquo;int\u00e9r\u00eat l\u00e9gitime du traitement des donn\u00e9es r\u00e9side dans l&rsquo;optimisation de ce site web, l&rsquo;analyse de l&rsquo;utilisation du site web et l&rsquo;adaptation de son contenu. Les int\u00e9r\u00eats des utilisateurs sont suffisamment prot\u00e9g\u00e9s par la pseudonymisation.<\/p>\n<p>Google LLC. offre une garantie de respect d&rsquo;un niveau ad\u00e9quat de protection des donn\u00e9es sur la base des clauses contractuelles standard. Les donn\u00e9es envoy\u00e9es et associ\u00e9es \u00e0 des cookies, des identifiants d&rsquo;utilisateur (par ex. User-ID) ou des identifiants publicitaires sont automatiquement supprim\u00e9es apr\u00e8s 50 mois. La suppression des donn\u00e9es dont la dur\u00e9e de conservation est atteinte a lieu automatiquement une fois par mois.<\/p>\n<p>La saisie par Google Analytics peut \u00eatre emp\u00each\u00e9e en adaptant les param\u00e8tres des cookies pour ce site web. Il est en outre possible de s&rsquo;opposer \u00e0 tout moment \u00e0 la collecte et \u00e0 l&rsquo;enregistrement de l&rsquo;adresse IP et des donn\u00e9es g\u00e9n\u00e9r\u00e9es par les cookies, avec effet pour l&rsquo;avenir. Le plugin de navigateur correspondant peut \u00eatre t\u00e9l\u00e9charg\u00e9 et install\u00e9 sur le lien suivant <a href=\"http:\/\/tools.google.com\/dlpage\/gaoptout\" target=\"_blank\" rel=\"noopener\">: https:\/\/tools.google.com\/dlpage\/gaoptout.<\/a><\/p>\n<p>Le visiteur du site peut emp\u00eacher la saisie par Google Analytics sur ce site web en cliquant sur le <a>lien<\/a> suivant. Un cookie d&rsquo;opt-out est install\u00e9 pour emp\u00eacher la collecte future des donn\u00e9es lors de la visite de ce site.<\/p>\n<p>Pour plus d&rsquo;informations sur l&rsquo;utilisation des donn\u00e9es par Google, les possibilit\u00e9s de param\u00e9trage et d&rsquo;opposition, veuillez consulter la d\u00e9claration de confidentialit\u00e9 de Google<a href=\"https:\/\/policies.google.com\/privacy\" target=\"_blank\" rel=\"noopener\">(https:\/\/policies.google.com\/privacy)<\/a> ainsi que les param\u00e8tres d&rsquo;affichage des annonces publicitaires par Google<a href=\"https:\/\/adssettings.google.com\/authenticated\" target=\"_blank\" rel=\"noopener\">(https:\/\/adssettings.google.com\/authenticated)<\/a>.<\/p>\n<\/p>\n<h2>reCAPTCHA<\/h2>\n<p>Pour prot\u00e9ger vos demandes par formulaire Internet, nous utilisons le service reCAPTCHA de l&rsquo;entreprise Google LLC (Google). La requ\u00eate permet de distinguer si la saisie est effectu\u00e9e par un \u00eatre humain ou de mani\u00e8re abusive par un traitement automatis\u00e9 et m\u00e9canique. La requ\u00eate inclut l&rsquo;envoi \u00e0 Google de l&rsquo;adresse IP et, le cas \u00e9ch\u00e9ant, d&rsquo;autres donn\u00e9es requises par Google pour le service reCAPTCHA. \u00c0 cette fin, votre saisie sera transmise \u00e0 Google qui l&rsquo;utilisera. Toutefois, votre adresse IP sera pr\u00e9alablement abr\u00e9g\u00e9e par Google dans les \u00c9tats membres de l&rsquo;Union europ\u00e9enne ou dans d&rsquo;autres \u00c9tats parties \u00e0 l&rsquo;accord sur l&rsquo;Espace \u00e9conomique europ\u00e9en. Ce n&rsquo;est que dans des cas exceptionnels que l&rsquo;adresse IP compl\u00e8te est transmise \u00e0 un serveur de Google aux \u00c9tats-Unis et y est raccourcie. Google utilisera ces informations pour le compte de l&rsquo;exploitant de ce site web afin d&rsquo;\u00e9valuer votre utilisation de ce service. L&rsquo;adresse IP transmise par votre navigateur dans le cadre de reCaptcha n&rsquo;est pas recoup\u00e9e avec d&rsquo;autres donn\u00e9es de Google. Les r\u00e8gles de protection des donn\u00e9es de l&rsquo;entreprise Google, qui diff\u00e8rent, s&rsquo;appliquent \u00e0 ces donn\u00e9es. Pour plus d&rsquo;informations sur la politique de confidentialit\u00e9 de Google, consultez <a href=\"https:\/\/policies.google.com\/privacy?hl=de\" target=\"_blank\" rel=\"noopener\">: https:\/\/policies.google.com\/privacy?hl=de<\/a><\/p>\n\t\t\t\t\t\t\t\t<\/div>\n\t\t\t\t<\/div>\n\t\t\t\t\t<\/div>\n\t\t\t\t<\/div>\n\t\t\t\t<\/div>\n\t\t","protected":false},"excerpt":{"rendered":"<p>PROTECTION DE LA VIE PRIV\u00c9E PROTECTION DE LA VIE PRIV\u00c9E Remarques sur le traitement des donn\u00e9es en relation avec Google Analytics Ce site utilise Google Analytics, un service d&rsquo;analyse de site internet fourni par Google Ireland Limited. Si le responsable du traitement des donn\u00e9es sur ce site web est situ\u00e9 en dehors de l&rsquo;Espace \u00e9conomique [&hellip;]<\/p>\n","protected":false},"author":1,"featured_media":0,"parent":0,"menu_order":0,"comment_status":"closed","ping_status":"closed","template":"","meta":{"footnotes":""},"class_list":["post-817","page","type-page","status-publish","hentry"],"_links":{"self":[{"href":"https:\/\/tinnitus-liga.ch\/fr\/wp-json\/wp\/v2\/pages\/817","targetHints":{"allow":["GET"]}}],"collection":[{"href":"https:\/\/tinnitus-liga.ch\/fr\/wp-json\/wp\/v2\/pages"}],"about":[{"href":"https:\/\/tinnitus-liga.ch\/fr\/wp-json\/wp\/v2\/types\/page"}],"author":[{"embeddable":true,"href":"https:\/\/tinnitus-liga.ch\/fr\/wp-json\/wp\/v2\/users\/1"}],"replies":[{"embeddable":true,"href":"https:\/\/tinnitus-liga.ch\/fr\/wp-json\/wp\/v2\/comments?post=817"}],"version-history":[{"count":1,"href":"https:\/\/tinnitus-liga.ch\/fr\/wp-json\/wp\/v2\/pages\/817\/revisions"}],"predecessor-version":[{"id":819,"href":"https:\/\/tinnitus-liga.ch\/fr\/wp-json\/wp\/v2\/pages\/817\/revisions\/819"}],"wp:attachment":[{"href":"https:\/\/tinnitus-liga.ch\/fr\/wp-json\/wp\/v2\/media?parent=817"}],"curies":[{"name":"wp","href":"https:\/\/api.w.org\/{rel}","templated":true}]}}