{"id":715,"date":"2024-01-22T14:06:54","date_gmt":"2024-01-22T14:06:54","guid":{"rendered":"https:\/\/tinnitus-liga.ch\/sordita-improvvisa\/"},"modified":"2024-01-25T10:13:55","modified_gmt":"2024-01-25T10:13:55","slug":"sordita-improvvisa","status":"publish","type":"page","link":"https:\/\/tinnitus-liga.ch\/it\/informazioni\/sordita-improvvisa\/","title":{"rendered":"sordit\u00e0 improvvisa"},"content":{"rendered":"\t\t<div data-elementor-type=\"wp-page\" data-elementor-id=\"715\" class=\"elementor elementor-715 elementor-242\" data-elementor-post-type=\"page\">\n\t\t\t\t<div class=\"elementor-element elementor-element-303e8bf2 e-con-full e-flex e-con e-parent\" data-id=\"303e8bf2\" data-element_type=\"container\">\n\t\t\t\t<div class=\"elementor-element elementor-element-ba864e2 elementor--h-position-center elementor--v-position-middle elementor-arrows-position-inside elementor-pagination-position-inside elementor-widget elementor-widget-slides\" data-id=\"ba864e2\" data-element_type=\"widget\" data-settings=\"{&quot;navigation&quot;:&quot;both&quot;,&quot;autoplay&quot;:&quot;yes&quot;,&quot;pause_on_hover&quot;:&quot;yes&quot;,&quot;pause_on_interaction&quot;:&quot;yes&quot;,&quot;autoplay_speed&quot;:5000,&quot;infinite&quot;:&quot;yes&quot;,&quot;transition&quot;:&quot;slide&quot;,&quot;transition_speed&quot;:500,&quot;ekit_we_effect_on&quot;:&quot;none&quot;}\" data-widget_type=\"slides.default\">\n\t\t\t\t<div class=\"elementor-widget-container\">\n\t\t\t\t\t\t\t\t\t<div class=\"elementor-swiper\">\n\t\t\t\t\t<div class=\"elementor-slides-wrapper elementor-main-swiper swiper\" role=\"region\" aria-roledescription=\"carousel\" aria-label=\"Slides\" dir=\"ltr\" data-animation=\"fadeInUp\">\n\t\t\t\t<div class=\"swiper-wrapper elementor-slides\">\n\t\t\t\t\t\t\t\t\t\t<div class=\"elementor-repeater-item-64030ae swiper-slide\" role=\"group\" aria-roledescription=\"slide\"><div class=\"swiper-slide-bg\" role=\"img\" aria-label=\"1537192216\"><\/div><div class=\"swiper-slide-inner\" ><div class=\"swiper-slide-contents\"><div class=\"elementor-slide-heading\">TEMPESTA UDITIVA<\/div><\/div><\/div><\/div>\t\t\t\t<\/div>\n\t\t\t\t\t\t\t<\/div>\n\t\t\t\t<\/div>\n\t\t\t\t\t\t\t\t<\/div>\n\t\t\t\t<\/div>\n\t\t\t\t<\/div>\n\t\t<div class=\"elementor-element elementor-element-99e2ded e-flex e-con-boxed e-con e-parent\" data-id=\"99e2ded\" data-element_type=\"container\">\n\t\t\t\t\t<div class=\"e-con-inner\">\n\t\t\t\t<div class=\"elementor-element elementor-element-3829bf3 elementor-widget elementor-widget-spacer\" data-id=\"3829bf3\" data-element_type=\"widget\" data-settings=\"{&quot;ekit_we_effect_on&quot;:&quot;none&quot;}\" data-widget_type=\"spacer.default\">\n\t\t\t\t<div class=\"elementor-widget-container\">\n\t\t\t\t\t\t\t<div class=\"elementor-spacer\">\n\t\t\t<div class=\"elementor-spacer-inner\"><\/div>\n\t\t<\/div>\n\t\t\t\t\t\t<\/div>\n\t\t\t\t<\/div>\n\t\t\t\t\t<\/div>\n\t\t\t\t<\/div>\n\t\t<div class=\"elementor-element elementor-element-93ad360 e-flex e-con-boxed e-con e-parent\" data-id=\"93ad360\" data-element_type=\"container\">\n\t\t\t\t\t<div class=\"e-con-inner\">\n\t\t\t\t<div class=\"elementor-element elementor-element-237a114 elementor-widget elementor-widget-text-editor\" data-id=\"237a114\" data-element_type=\"widget\" data-settings=\"{&quot;ekit_we_effect_on&quot;:&quot;none&quot;}\" data-widget_type=\"text-editor.default\">\n\t\t\t\t<div class=\"elementor-widget-container\">\n\t\t\t\t\t\t\t\t\t<h1>TEMPESTA UDITIVA<\/h1>\n\t\t\t\t\t\t\t\t<\/div>\n\t\t\t\t<\/div>\n\t\t\t\t\t<\/div>\n\t\t\t\t<\/div>\n\t\t<div class=\"elementor-element elementor-element-2aa8b6e e-flex e-con-boxed e-con e-parent\" data-id=\"2aa8b6e\" data-element_type=\"container\">\n\t\t\t\t\t<div class=\"e-con-inner\">\n\t\t\t\t<div class=\"elementor-element elementor-element-8f9bcdd elementor-widget elementor-widget-text-editor\" data-id=\"8f9bcdd\" data-element_type=\"widget\" data-settings=\"{&quot;ekit_we_effect_on&quot;:&quot;none&quot;}\" data-widget_type=\"text-editor.default\">\n\t\t\t\t<div class=\"elementor-widget-container\">\n\t\t\t\t\t\t\t\t\t<h2>Che cos&#8217;\u00e8 la sordit\u00e0 improvvisa?<\/h2>\n\nL&#8217;ipoacusia \u00e8 un&#8217;<strong>improvvisa perdita dell&#8217;udito unilaterale<\/strong> che pu\u00f2 essere accompagnata da un ronzio nelle orecchie.\n\n<h2>Quali sono le cause della perdita improvvisa dell&#8217;udito?<\/h2>\n\nCome nel caso dell&#8217;acufene, le <strong>cause non sono chiare<\/strong>. Si sospetta un disturbo acuto delle cellule uditive dell&#8217;orecchio interno, che pu\u00f2 essere scatenato da virus, disturbi circolatori o stress.\nIl medico ORL effettuer\u00e0 una <strong>diagnosi dettagliata<\/strong>.\n\n\n<h2>Come viene trattato?<\/h2>\n\nUna perdita improvvisa dell&#8217;udito deve essere trattata il prima possibile <strong>dal medico di famiglia o dal medico ORL<\/strong>. Ad oggi non esiste una terapia standardizzata. I <strong>farmaci<\/strong> pi\u00f9 utilizzati sono quelli <strong>che favoriscono la circolazione sanguigna<\/strong> e il <strong>cortisone<\/strong>. La percentuale di guarigione spontanea di un&#8217;ipoacusia improvvisa non \u00e8 certa.\n\n<\/div>\t\t\t\t\t\t\t\t<\/div>\n\t\t\t\t<\/div>\n\t\t\t\t\t<\/div>\n\t\t\t\t<\/div>\n\t\t\t\t<\/div>\n\t\t","protected":false},"excerpt":{"rendered":"<p>TEMPESTA UDITIVA TEMPESTA UDITIVA Che cos&#8217;\u00e8 la sordit\u00e0 improvvisa? L&#8217;ipoacusia \u00e8 un&#8217;improvvisa perdita dell&#8217;udito unilaterale che pu\u00f2 essere accompagnata da un ronzio nelle orecchie. Quali sono le cause della perdita improvvisa dell&#8217;udito? Come nel caso dell&#8217;acufene, le cause non sono chiare. Si sospetta un disturbo acuto delle cellule uditive dell&#8217;orecchio interno, che pu\u00f2 essere scatenato [&hellip;]<\/p>\n","protected":false},"author":1,"featured_media":0,"parent":771,"menu_order":0,"comment_status":"closed","ping_status":"closed","template":"","meta":{"footnotes":""},"class_list":["post-715","page","type-page","status-publish","hentry"],"_links":{"self":[{"href":"https:\/\/tinnitus-liga.ch\/it\/wp-json\/wp\/v2\/pages\/715","targetHints":{"allow":["GET"]}}],"collection":[{"href":"https:\/\/tinnitus-liga.ch\/it\/wp-json\/wp\/v2\/pages"}],"about":[{"href":"https:\/\/tinnitus-liga.ch\/it\/wp-json\/wp\/v2\/types\/page"}],"author":[{"embeddable":true,"href":"https:\/\/tinnitus-liga.ch\/it\/wp-json\/wp\/v2\/users\/1"}],"replies":[{"embeddable":true,"href":"https:\/\/tinnitus-liga.ch\/it\/wp-json\/wp\/v2\/comments?post=715"}],"version-history":[{"count":3,"href":"https:\/\/tinnitus-liga.ch\/it\/wp-json\/wp\/v2\/pages\/715\/revisions"}],"predecessor-version":[{"id":841,"href":"https:\/\/tinnitus-liga.ch\/it\/wp-json\/wp\/v2\/pages\/715\/revisions\/841"}],"up":[{"embeddable":true,"href":"https:\/\/tinnitus-liga.ch\/it\/wp-json\/wp\/v2\/pages\/771"}],"wp:attachment":[{"href":"https:\/\/tinnitus-liga.ch\/it\/wp-json\/wp\/v2\/media?parent=715"}],"curies":[{"name":"wp","href":"https:\/\/api.w.org\/{rel}","templated":true}]}}