{"id":716,"date":"2024-01-22T18:01:17","date_gmt":"2024-01-22T18:01:17","guid":{"rendered":"https:\/\/tinnitus-liga.ch\/impronta\/"},"modified":"2024-02-15T16:17:26","modified_gmt":"2024-02-15T16:17:26","slug":"impronta","status":"publish","type":"page","link":"https:\/\/tinnitus-liga.ch\/it\/impronta\/","title":{"rendered":"Impronta"},"content":{"rendered":"\t\t<div data-elementor-type=\"wp-page\" data-elementor-id=\"716\" class=\"elementor elementor-716 elementor-410\" data-elementor-post-type=\"page\">\n\t\t\t\t<div class=\"elementor-element elementor-element-303e8bf2 e-con-full e-flex e-con e-parent\" data-id=\"303e8bf2\" data-element_type=\"container\">\n\t\t\t\t<div class=\"elementor-element elementor-element-ba864e2 elementor--h-position-center elementor--v-position-middle elementor-arrows-position-inside elementor-pagination-position-inside elementor-widget elementor-widget-slides\" data-id=\"ba864e2\" data-element_type=\"widget\" data-settings=\"{&quot;navigation&quot;:&quot;both&quot;,&quot;autoplay&quot;:&quot;yes&quot;,&quot;pause_on_hover&quot;:&quot;yes&quot;,&quot;pause_on_interaction&quot;:&quot;yes&quot;,&quot;autoplay_speed&quot;:5000,&quot;infinite&quot;:&quot;yes&quot;,&quot;transition&quot;:&quot;slide&quot;,&quot;transition_speed&quot;:500,&quot;ekit_we_effect_on&quot;:&quot;none&quot;}\" data-widget_type=\"slides.default\">\n\t\t\t\t<div class=\"elementor-widget-container\">\n\t\t\t\t\t\t\t\t\t<div class=\"elementor-swiper\">\n\t\t\t\t\t<div class=\"elementor-slides-wrapper elementor-main-swiper swiper\" role=\"region\" aria-roledescription=\"carousel\" aria-label=\"Slides\" dir=\"ltr\" data-animation=\"fadeInUp\">\n\t\t\t\t<div class=\"swiper-wrapper elementor-slides\">\n\t\t\t\t\t\t\t\t\t\t<div class=\"elementor-repeater-item-64030ae swiper-slide\" role=\"group\" aria-roledescription=\"slide\"><div class=\"swiper-slide-bg\" role=\"img\" aria-label=\"12edc073-4e47-4b5e-8908-ac1eeec85cd1\"><\/div><div class=\"swiper-slide-inner\" ><div class=\"swiper-slide-contents\"><div class=\"elementor-slide-heading\">IMPRONTA<\/div><\/div><\/div><\/div>\t\t\t\t<\/div>\n\t\t\t\t\t\t\t<\/div>\n\t\t\t\t<\/div>\n\t\t\t\t\t\t\t\t<\/div>\n\t\t\t\t<\/div>\n\t\t\t\t<\/div>\n\t\t<div class=\"elementor-element elementor-element-99e2ded e-flex e-con-boxed e-con e-parent\" data-id=\"99e2ded\" data-element_type=\"container\">\n\t\t\t\t\t<div class=\"e-con-inner\">\n\t\t\t\t<div class=\"elementor-element elementor-element-3829bf3 elementor-widget elementor-widget-spacer\" data-id=\"3829bf3\" data-element_type=\"widget\" data-settings=\"{&quot;ekit_we_effect_on&quot;:&quot;none&quot;}\" data-widget_type=\"spacer.default\">\n\t\t\t\t<div class=\"elementor-widget-container\">\n\t\t\t\t\t\t\t<div class=\"elementor-spacer\">\n\t\t\t<div class=\"elementor-spacer-inner\"><\/div>\n\t\t<\/div>\n\t\t\t\t\t\t<\/div>\n\t\t\t\t<\/div>\n\t\t\t\t\t<\/div>\n\t\t\t\t<\/div>\n\t\t<div class=\"elementor-element elementor-element-93ad360 e-flex e-con-boxed e-con e-parent\" data-id=\"93ad360\" data-element_type=\"container\">\n\t\t\t\t\t<div class=\"e-con-inner\">\n\t\t\t\t<div class=\"elementor-element elementor-element-237a114 elementor-widget elementor-widget-text-editor\" data-id=\"237a114\" data-element_type=\"widget\" data-settings=\"{&quot;ekit_we_effect_on&quot;:&quot;none&quot;}\" data-widget_type=\"text-editor.default\">\n\t\t\t\t<div class=\"elementor-widget-container\">\n\t\t\t\t\t\t\t\t\t<h1>IMPRONTA<\/h1>\n\t\t\t\t\t\t\t\t<\/div>\n\t\t\t\t<\/div>\n\t\t\t\t\t<\/div>\n\t\t\t\t<\/div>\n\t\t<div class=\"elementor-element elementor-element-91f08a9 e-flex e-con-boxed e-con e-parent\" data-id=\"91f08a9\" data-element_type=\"container\">\n\t\t\t\t\t<div class=\"e-con-inner\">\n\t\t\t\t<div class=\"elementor-element elementor-element-bfa3ae6 elementor-widget elementor-widget-text-editor\" data-id=\"bfa3ae6\" data-element_type=\"widget\" data-settings=\"{&quot;ekit_we_effect_on&quot;:&quot;none&quot;}\" data-widget_type=\"text-editor.default\">\n\t\t\t\t<div class=\"elementor-widget-container\">\n\t\t\t\t\t\t\t\t\t<div id=\"cc-matrix-3109922874\">\n<div id=\"cc-m-11242399874\" class=\"j-module n j-text \">\n\nLega svizzera degli acufeni (STL)\nThermenstrasse 5\n4310 Rheinfelden\n\nTelefono:\n061 833 03 45<strong>\n<\/strong>\ne-mail:<strong>\n<\/strong><a title=\"info@tinnitus-liga.ch\" href=\"mailto:info@tinnitus-liga.ch\" target=\"_blank\" rel=\"noopener\">info@tinnitus-liga.ch<\/a>\n\n<\/div>\n<\/div>\nWeb design:\n<a href=\"https:\/\/openagentur.ch\" target=\"_blank\" rel=\"noopener\">Openagentur GmbH<\/a>\nAlte Strasse 8\nCH-7430 Thusis\n\nTelefono:\nG 081 651 50 55\n\nImmagini:\n<a href=\"https:\/\/de.freepik.com\/fotos-kostenlos\/teamwork-konzepte_1236188.htm#query=team&amp;position=6&amp;from_view=search&amp;track=sph&amp;uuid=28f2d86b-49ac-4996-971c-502cd3d328b4\">Immagine di ijeab<\/a> su Freepik\nImmagine da <a href=\"https:\/\/de.freepik.com\/fotos-kostenlos\/person-mit-hoerproblemen_36233581.htm#query=ohr%20lautst%C3%A4rke&amp;position=11&amp;from_view=search&amp;track=ais&amp;uuid=95fd8f34-ecae-4010-bdea-5d9b7e799c1e\">Freepik<\/a>\n<h2><\/h2>\n<h2>Dichiarazione di non responsabilit\u00e0<\/h2>\n<h3>Responsabilit\u00e0 per i contenuti<\/h3>\nLe informazioni contenute in questo sito web hanno uno scopo puramente informativo e non costituiscono una consulenza legale. Non ci assumiamo alcuna responsabilit\u00e0 per l&#8217;attualit\u00e0, la correttezza, la completezza o la qualit\u00e0 delle informazioni fornite. Qualsiasi azione intrapresa sulla base delle informazioni contenute in questo sito web \u00e8 a vostro rischio e pericolo.\n<h3>Responsabilit\u00e0 per i link<\/h3>\nQuesto sito web contiene collegamenti a siti web esterni di terzi. Non ci assumiamo alcuna responsabilit\u00e0 per il contenuto dei link esterni. I gestori delle pagine collegate sono gli unici responsabili del loro contenuto. Non abbiamo alcuna influenza sul contenuto e sul design di queste pagine collegate e prendiamo espressamente le distanze da qualsiasi contenuto illegale.\n<h3>Copyright<\/h3>\nI contenuti e le opere pubblicati su questo sito sono soggetti alla legge svizzera sul diritto d&#8217;autore. La riproduzione, la modifica, la distribuzione e qualsiasi tipo di utilizzo al di fuori dei limiti della legge sul copyright richiedono il consenso scritto del rispettivo autore o creatore. Download e copie di questo sito sono consentiti solo per uso privato e non commerciale.\n<h3>Protezione dei dati<\/h3>\nLe informazioni sulla protezione dei dati sono disponibili nella nostra <a href=\"https:\/\/tinnitus-liga.ch\/it\/protezione-dei-dati\/\">informativa sulla privacy<\/a>.\n<h3>Modifiche al disclaimer<\/h3>\nCi riserviamo il diritto di modificare o aggiornare il presente disclaimer in qualsiasi momento. \u00c8 responsabilit\u00e0 dell&#8217;utente controllare regolarmente questa clausola di esclusione della responsabilit\u00e0 per tenersi aggiornato su eventuali modifiche.\n<h3>Efficacia legale<\/h3>\nL&#8217;eventuale invalidit\u00e0 di singole disposizioni della presente clausola di esclusione della responsabilit\u00e0 non pregiudica la validit\u00e0 delle restanti disposizioni.\t\t\t\t\t\t\t\t<\/div>\n\t\t\t\t<\/div>\n\t\t\t\t\t<\/div>\n\t\t\t\t<\/div>\n\t\t<div class=\"elementor-element elementor-element-2aa8b6e e-flex e-con-boxed e-con e-parent\" data-id=\"2aa8b6e\" data-element_type=\"container\">\n\t\t\t\t\t<div class=\"e-con-inner\">\n\t\t\t\t<div class=\"elementor-element elementor-element-8f9bcdd elementor-widget elementor-widget-text-editor\" data-id=\"8f9bcdd\" data-element_type=\"widget\" data-settings=\"{&quot;ekit_we_effect_on&quot;:&quot;none&quot;}\" data-widget_type=\"text-editor.default\">\n\t\t\t\t<div class=\"elementor-widget-container\">\n\t\t\t\t\t\t\t\t\t<p><a href=\"https:\/\/de.freepik.com\/fotos-kostenlos\/teamwork-konzepte_1236188.htm#query=team&amp;position=6&amp;from_view=search&amp;track=sph&amp;uuid=28f2d86b-49ac-4996-971c-502cd3d328b4\">Immagine di ijeab<\/a> su Freepik<br \/><a href=\"https:\/\/de.freepik.com\/fotos-kostenlos\/ginkgo-biloba-blaetter_1118676.htm#query=Ginkgo%20biloba&amp;position=2&amp;from_view=search&amp;track=ais&amp;uuid=0dc6fe42-903d-445f-94d7-73a7cf5396d9\">Immagine di ilovehz<\/a> su Freepik<\/p>\n\t\t\t\t\t\t\t\t<\/div>\n\t\t\t\t<\/div>\n\t\t\t\t\t<\/div>\n\t\t\t\t<\/div>\n\t\t\t\t<\/div>\n\t\t","protected":false},"excerpt":{"rendered":"<p>IMPRONTA IMPRONTA Lega svizzera degli acufeni (STL) Thermenstrasse 5 4310 Rheinfelden Telefono: 061 833 03 45 e-mail: info@tinnitus-liga.ch Web design: Openagentur GmbH Alte Strasse 8 CH-7430 Thusis Telefono: G 081 651 50 55 Immagini: Immagine di ijeab su Freepik Immagine da Freepik Dichiarazione di non responsabilit\u00e0 Responsabilit\u00e0 per i contenuti Le informazioni contenute in questo [&hellip;]<\/p>\n","protected":false},"author":1,"featured_media":0,"parent":0,"menu_order":0,"comment_status":"closed","ping_status":"closed","template":"","meta":{"footnotes":""},"class_list":["post-716","page","type-page","status-publish","hentry"],"_links":{"self":[{"href":"https:\/\/tinnitus-liga.ch\/it\/wp-json\/wp\/v2\/pages\/716","targetHints":{"allow":["GET"]}}],"collection":[{"href":"https:\/\/tinnitus-liga.ch\/it\/wp-json\/wp\/v2\/pages"}],"about":[{"href":"https:\/\/tinnitus-liga.ch\/it\/wp-json\/wp\/v2\/types\/page"}],"author":[{"embeddable":true,"href":"https:\/\/tinnitus-liga.ch\/it\/wp-json\/wp\/v2\/users\/1"}],"replies":[{"embeddable":true,"href":"https:\/\/tinnitus-liga.ch\/it\/wp-json\/wp\/v2\/comments?post=716"}],"version-history":[{"count":6,"href":"https:\/\/tinnitus-liga.ch\/it\/wp-json\/wp\/v2\/pages\/716\/revisions"}],"predecessor-version":[{"id":1863,"href":"https:\/\/tinnitus-liga.ch\/it\/wp-json\/wp\/v2\/pages\/716\/revisions\/1863"}],"wp:attachment":[{"href":"https:\/\/tinnitus-liga.ch\/it\/wp-json\/wp\/v2\/media?parent=716"}],"curies":[{"name":"wp","href":"https:\/\/api.w.org\/{rel}","templated":true}]}}